{"id":425,"date":"2017-11-08T11:05:19","date_gmt":"2017-11-08T10:05:19","guid":{"rendered":"http:\/\/www.proanima.ayz.pl\/?page_id=425"},"modified":"2019-04-10T10:01:05","modified_gmt":"2019-04-10T08:01:05","slug":"2013-2","status":"publish","type":"page","link":"https:\/\/www.festiwalsztukdawnych.pl\/en\/poprzednie-edycje\/2013-2\/","title":{"rendered":"Imieniny Izabeli Branickiej 2013 &#8211; opis"},"content":{"rendered":"<p>&nbsp;<\/p>\n<h1 style=\"text-align: center;\"><span style=\"color: #750c12;\"><em><strong>Imieniny Izabeli Branickiej 2013<\/strong><\/em><\/span><\/h1>\n<h3 style=\"text-align: justify;\"><span style=\"color: #750c12;\"><a href=\"http:\/\/www.festiwalsztukdawnych.pl\/wp-content\/uploads\/2017\/11\/FSD_2013.jpg\" data-rel=\"lightbox-image-0\" data-rl_title=\"\" data-rl_caption=\"\" title=\"\"><img loading=\"lazy\" class=\"alignleft size-medium wp-image-449\" src=\"http:\/\/www.festiwalsztukdawnych.pl\/wp-content\/uploads\/2017\/11\/FSD_2013-208x300.jpg\" alt=\"\" width=\"208\" height=\"300\" srcset=\"https:\/\/www.festiwalsztukdawnych.pl\/wp-content\/uploads\/2017\/11\/FSD_2013-208x300.jpg 208w, https:\/\/www.festiwalsztukdawnych.pl\/wp-content\/uploads\/2017\/11\/FSD_2013-768x1107.jpg 768w, https:\/\/www.festiwalsztukdawnych.pl\/wp-content\/uploads\/2017\/11\/FSD_2013-711x1024.jpg 711w, https:\/\/www.festiwalsztukdawnych.pl\/wp-content\/uploads\/2017\/11\/FSD_2013.jpg 1421w\" sizes=\"(max-width: 208px) 100vw, 208px\" \/><\/a>Fundacja Pro Anima serdecznie zaprasza na tegoroczny Festiwal Sztuk Dawnych \u2013 Imieniny Izabeli Branickiej, kt\u00f3ry odb\u0119dzie si\u0119 w dniach 17-19 listopada 2013 r.<br \/>\nFestiwal Sztuk Dawnych nawi\u0105zuje do opis\u00f3w hucznych obchod\u00f3w Imienin za \u017cycia przez Izabel\u0119 Branick\u0105, kt\u00f3re poprzez rekonstrukcj\u0119 r\u00f3\u017cnych element\u00f3w obchod\u00f3w: koncert\u00f3w, oprawy muzycznej liturgii, oper, balet\u00f3w i innych wydarze\u0144 w historycznych wn\u0119trzach z XVIII wieku ma przybli\u017cy\u0107 odbiorcom kultur\u0119 i sztuk\u0119 tego wa\u017cnego dla Polak\u00f3w okresu.<\/span><\/h3>\n<h3 style=\"text-align: justify;\"><span style=\"color: #750c12;\">Festiwal zainauguruje Msza \u015awi\u0119ta w Niedziel\u0119 o 13:30 w Starym Ko\u015bciele Farnym, w krypcie kt\u00f3rego spoczywaj\u0105 doczesne szcz\u0105tki Izabeli Branickiej. Tego samego dnia w Pa\u0142acu Branickich w Choroszczy (godz. 16:00) zapraszamy na \u201eMuzyk\u0119 w Komnatach u Izabeli\u201d \u2013 wyk\u0142ad Anny D\u0105browskiej \u201eLever Wielkiej Damy\u201d oraz recital instrumentalny \u2013 Muzyka Rodziny Bach\u00f3w w wykonaniu Anny Krzysztofik-Buczy\u0144skiej (klawesyn) oraz Amadeusza Buczy\u0144skiego (skrzypce barokowe).<\/span><\/h3>\n<h3 style=\"text-align: justify;\"><span style=\"color: #750c12;\">W poniedzia\u0142ek \u2013 drugi dzie\u0144 obchod\u00f3w Imienin Izabeli \u2013 zapraszamy na Wiecz\u00f3r Historyczny w Auli Magna Pa\u0142acu Branickich w Bia\u0142ymstoku (godz. 18:00), kt\u00f3ry sk\u0142ada\u0107 si\u0119 b\u0119dzie z gaw\u0119dy o Izabeli Branickiej Andrzeja Lechowskiego oraz Spektaklu Tanecznego zespo\u0142u ta\u0144ca dworskiego Capella Antiqua Bialostociensis pod kier. Heleny Szuhalskiej pt. \u201eW sklepie z zabawkami\u201d.<\/span><\/h3>\n<h3 style=\"text-align: justify;\"><span style=\"color: #750c12;\">Zwie\u0144czeniem tegorocznego Festiwalu Sztuk Dawnych b\u0119dzie koncert oratoryjny (19.11.2013 godz. 19:00) z udzia\u0142em Ch\u00f3ru Uniwersytetu Medycznego oraz Polskiej Orkiestry XVIII wieku pod batut\u0105 Anny Moniuszko w Pa\u0142acu Branickich (Aula Magna). Koncert po\u015bwi\u0119cony b\u0119dzie sylwetce niemieckiego kompozytora zwi\u0105zanego z Polsk\u0105 b\u0119d\u0105cego cz\u0119stym go\u015bciem na dworze Branickich \u2013 Johanna Adolfa Hassego w 230 rocznic\u0119 \u015bmierci kompozytora. Tego wieczoru us\u0142yszymy rzadko wykonywane utwory oratoryjne m.in.: Salve Regina B-dur; Magnificat F-dur; Te Deum B-dur a partie solowe wykonaj\u0105: Julita Miros\u0142awska \u2013 sopran, S\u0142awomir Bronk \u2013 alt, Bo\u017cena Bojaryn-Przyby\u0142a \u2013 sopran oraz Przemys\u0142aw Kummer \u2013 bas.<\/span><\/h3>\n<p style=\"text-align: right;\"><span style=\"color: #750c12;\">Wszystkie z wymienionych przedsi\u0119wzi\u0119\u0107 artystycznych dost\u0119pne b\u0119d\u0105 ze WST\u0118PEM WOLNYM.<\/span><\/p>\n<h3><span style=\"color: #750c12;\"><strong>PROGRAM:<\/strong><\/span><br \/>\n<span style=\"color: #750c12;\"> <span style=\"font-size: 1rem;\"><strong><span style=\"line-height: inherit;\">17.11.2013 (niedziela)<br \/>\n<\/span><\/strong><\/span><span style=\"line-height: inherit; font-size: 1rem;\"><strong>STARY KO\u015aCI\u00d3\u0141 FARNY<\/strong><br \/>\n<\/span>13:30 Msza \u015awi\u0119ta inauguruj\u0105ca Festiwal<\/span><\/h3>\n<p style=\"text-align: left;\"><span style=\"color: #750c12;\">Muzyka liturgiczna z XVIII wieku w wykonaniu:<\/span><br \/>\n<span style=\"color: #750c12;\"> Schola Mulierum Sancte Haedvigis,<\/span><br \/>\n<span style=\"color: #750c12;\"> Gregoriana Sancti Casimiri Vocal Ensemble<\/span><br \/>\n<span style=\"color: #750c12;\"> Dariusz Hajdukiewicz \u2013 organy<\/span><\/p>\n<h3><span style=\"color: #750c12;\"><strong>17.11.2012 (niedziela)<\/strong><\/span><br \/>\n<span style=\"color: #750c12;\"> <strong>16:00 \u2013 MUZYKA W KOMNATACH IZABELI<\/strong><\/span><br \/>\n<span style=\"line-height: inherit; font-size: 1rem; color: #750c12;\"> PA\u0141AC BRANICKICH W CHOROSZCZY<\/span><\/h3>\n<p style=\"text-align: left;\"><span style=\"color: #750c12;\">Wyk\u0142ad Anny D\u0105browskiej \u201eLever Wielkiej Damy\u201d<\/span><br \/>\n<span style=\"color: #750c12;\"> Recital instrumentalny \u2013 Muzyka Rodziny Bach\u00f3w<\/span><br \/>\n<span style=\"color: #750c12;\"> Anna Krzysztofik-Buczy\u0144ska- klawesyn<\/span><br \/>\n<span style=\"color: #750c12;\"> Amadeusz Buczy\u0144ski- skrzypce barokowe<\/span><\/p>\n<h3 style=\"text-align: left;\"><span style=\"color: #750c12;\"><strong>18.11.2013 (poniedzia\u0142ek)<\/strong><\/span><br \/>\n<span style=\"line-height: inherit; font-size: 1rem; color: #750c12;\"> <strong>18:00 \u2013 Wiecz\u00f3r Historyczny<\/strong><br \/>\nPA\u0141AC BRANICKICH W BIA\u0141YMSTOKU, AULA MAGNA<\/span><\/h3>\n<p style=\"text-align: left;\"><span style=\"color: #750c12;\">Gaw\u0119da o Izabeli Branickiej\u00a0Andrzeja Lechowskiego<\/span><br \/>\n<span style=\"color: #750c12;\"> Spektakl Taneczny \u201eW sklepie z zabawkami\u201d<\/span><br \/>\n<span style=\"color: #750c12;\"> Capella Antiqua Bialostociensis pod kier. Heleny Szuhalskiej<\/span><\/p>\n<h3 style=\"text-align: left;\"><span style=\"color: #750c12;\"><strong>19.11.2013 (wtorek)<\/strong><\/span><br \/>\n<span style=\"color: #750c12;\"> <strong>19:00 \u2013 Johann Adolf Hasse \u2013 Koncert Oratoryjny w 230 rocznic\u0119 \u015bmierci kompozytora<\/strong><\/span><br \/>\n<span style=\"line-height: inherit; font-size: 1rem; color: #750c12;\"> PA\u0141AC BRANICKICH W BIA\u0141YMSTOKU, AULA MAGNA<\/span><\/h3>\n<p style=\"text-align: left;\"><span style=\"color: #750c12;\">Julita Miros\u0142awska \u2013 sopran<\/span><br \/>\n<span style=\"color: #750c12;\"> S\u0142awomir Bronk \u2013 alt<\/span><br \/>\n<span style=\"color: #750c12;\"> Bo\u017cena Bojaryn-Przyby\u0142a \u2013 sopran<\/span><br \/>\n<span style=\"color: #750c12;\"> Przemys\u0142aw Kummer \u2013 bas<\/span><br \/>\n<span style=\"color: #750c12;\"> Ch\u00f3r Uniwersytetu Medycznego w Bia\u0142ymstoku<\/span><br \/>\n<span style=\"color: #750c12;\"> Polska Orkiestra XVIII wieku<\/span><br \/>\n<span style=\"color: #750c12;\"> Dyr. Anna Moniuszko<\/span><\/p>\n<p style=\"text-align: left;\"><span style=\"color: #750c12;\">W programie m.in.: Salve Regina B-dur; Magnificat F-dur; Te Deum B-dur.<\/span><\/p>\n<p style=\"text-align: right;\"><span style=\"color: #750c12;\"><strong>Organizator<\/strong><\/span><br \/>\n<span style=\"color: #750c12;\"> Pro Anima Foundation<\/span><\/p>\n<p style=\"text-align: right;\"><span style=\"color: #750c12;\"><strong>Wsp\u00f3\u0142organizatorzy<\/strong><\/span><br \/>\n<span style=\"color: #750c12;\"> Uniwersytet Muzyczny Fryderyka Chopina Wydzia\u0142 Instrumentalno Pedagogiczny w Bia\u0142ymstoku<\/span><br \/>\n<span style=\"color: #750c12;\"> Muzeum Podlaskie w Bia\u0142ymstoku<\/span><\/p>\n<p style=\"text-align: right;\"><span style=\"color: #750c12;\"><strong>Mecenat Festiwalu<\/strong><\/span><br \/>\n<span style=\"color: #750c12;\"> PGE Dystrybucja S.A.<\/span><br \/>\n<span style=\"color: #750c12;\"> BIT S.A.<\/span><br \/>\n<span style=\"color: #750c12;\"> SaMasz Sp. z o.o.<\/span><br \/>\n<span style=\"color: #750c12;\"> SBR Bank<\/span><br \/>\n<span style=\"color: #750c12;\"> Open Eductation Group Sp. z o.o.<\/span><br \/>\n<span style=\"color: #750c12;\"> Urz\u0105d Miejski w Choroszczy<\/span><\/p>\n<p style=\"text-align: right;\"><span style=\"color: #750c12;\"><em>Zrealizowano przy wsparciu finansowym Urz\u0119du Marsza\u0142kowskiego Wojew\u00f3dztwa Podlaskiego w Bia\u0142ymstoku<br \/>\nZadanie dofinansowane ze \u015brodk\u00f3w z bud\u017cetu Miasta Bia\u0142egostoku<\/em><\/span><\/p>\n<p style=\"text-align: right;\"><span style=\"color: #750c12;\"><strong>Patronat medialny<\/strong><\/span><br \/>\n<span style=\"color: #750c12;\"> TVP Bia\u0142ystok<\/span><br \/>\n<span style=\"color: #750c12;\"> Radio \u201ei\u201d<\/span><br \/>\n<span style=\"color: #750c12;\"> Radio Akadera<\/span><br \/>\n<span style=\"color: #750c12;\"> Miejski Portal Informacyjny bstok.pl<\/span><\/p>","protected":false},"excerpt":{"rendered":"<p>&nbsp; Imieniny Izabeli Branickiej 2013 Fundacja Pro Anima serdecznie zaprasza na tegoroczny Festiwal Sztuk Dawnych \u2013 Imieniny Izabeli Branickiej, kt\u00f3ry odb\u0119dzie si\u0119 w dniach 17-19 listopada 2013 r. Festiwal Sztuk Dawnych nawi\u0105zuje do opis\u00f3w hucznych obchod\u00f3w Imienin za \u017cycia przez Izabel\u0119 Branick\u0105, kt\u00f3re poprzez rekonstrukcj\u0119 r\u00f3\u017cnych element\u00f3w obchod\u00f3w: koncert\u00f3w, oprawy muzycznej liturgii, oper, balet\u00f3w i innych wydarze\u0144 w historycznych wn\u0119trzach [&hellip;]<\/p>","protected":false},"author":1,"featured_media":0,"parent":1727,"menu_order":998,"comment_status":"closed","ping_status":"closed","template":"","meta":[],"yoast_head":"<!-- This site is optimized with the Yoast SEO plugin v19.7.2 - https:\/\/yoast.com\/wordpress\/plugins\/seo\/ -->\n<title>Mi\u0119dzynarodowy Festiwal Sztuk Dawnych im. Izabeli Branickiej 2022<\/title>\n<meta name=\"robots\" content=\"index, follow, max-snippet:-1, max-image-preview:large, max-video-preview:-1\" \/>\n<link rel=\"canonical\" href=\"https:\/\/www.festiwalsztukdawnych.pl\/en\/poprzednie-edycje\/2013-2\/\" \/>\n<meta property=\"og:locale\" content=\"en_GB\" \/>\n<meta property=\"og:type\" content=\"article\" \/>\n<meta property=\"og:title\" content=\"Mi\u0119dzynarodowy Festiwal Sztuk Dawnych im. Izabeli Branickiej 2022\" \/>\n<meta property=\"og:description\" content=\"&nbsp; Imieniny Izabeli Branickiej 2013 Fundacja Pro Anima serdecznie zaprasza na tegoroczny Festiwal Sztuk Dawnych \u2013 Imieniny Izabeli Branickiej, kt\u00f3ry odb\u0119dzie si\u0119 w dniach 17-19 listopada 2013 r. Festiwal Sztuk Dawnych nawi\u0105zuje do opis\u00f3w hucznych obchod\u00f3w Imienin za \u017cycia przez Izabel\u0119 Branick\u0105, kt\u00f3re poprzez rekonstrukcj\u0119 r\u00f3\u017cnych element\u00f3w obchod\u00f3w: koncert\u00f3w, oprawy muzycznej liturgii, oper, balet\u00f3w i innych wydarze\u0144 w historycznych wn\u0119trzach [&hellip;]\" \/>\n<meta property=\"og:url\" content=\"https:\/\/www.festiwalsztukdawnych.pl\/en\/poprzednie-edycje\/2013-2\/\" \/>\n<meta property=\"og:site_name\" content=\"Mi\u0119dzynarodowy Festiwal Sztuk Dawnych im. Izabeli Branickiej 2025\" \/>\n<meta property=\"article:publisher\" content=\"https:\/\/www.facebook.com\/festiwalsztukdawnych\" \/>\n<meta property=\"article:modified_time\" content=\"2019-04-10T08:01:05+00:00\" \/>\n<meta property=\"og:image\" content=\"http:\/\/www.festiwalsztukdawnych.pl\/wp-content\/uploads\/2017\/11\/FSD_2013-208x300.jpg\" \/>\n<meta name=\"twitter:card\" content=\"summary_large_image\" \/>\n<meta name=\"twitter:label1\" content=\"Estimated reading time\" \/>\n\t<meta name=\"twitter:data1\" content=\"3 minutes\" \/>\n<script type=\"application\/ld+json\" class=\"yoast-schema-graph\">{\"@context\":\"https:\/\/schema.org\",\"@graph\":[{\"@type\":\"WebPage\",\"@id\":\"https:\/\/www.festiwalsztukdawnych.pl\/poprzednie-edycje\/2013-2\/\",\"url\":\"https:\/\/www.festiwalsztukdawnych.pl\/poprzednie-edycje\/2013-2\/\",\"name\":\"Mi\u0119dzynarodowy Festiwal Sztuk Dawnych im. Izabeli Branickiej 2022\",\"isPartOf\":{\"@id\":\"https:\/\/www.festiwalsztukdawnych.pl\/#website\"},\"datePublished\":\"2017-11-08T10:05:19+00:00\",\"dateModified\":\"2019-04-10T08:01:05+00:00\",\"breadcrumb\":{\"@id\":\"https:\/\/www.festiwalsztukdawnych.pl\/poprzednie-edycje\/2013-2\/#breadcrumb\"},\"inLanguage\":\"en-GB\",\"potentialAction\":[{\"@type\":\"ReadAction\",\"target\":[\"https:\/\/www.festiwalsztukdawnych.pl\/poprzednie-edycje\/2013-2\/\"]}]},{\"@type\":\"BreadcrumbList\",\"@id\":\"https:\/\/www.festiwalsztukdawnych.pl\/poprzednie-edycje\/2013-2\/#breadcrumb\",\"itemListElement\":[{\"@type\":\"ListItem\",\"position\":1,\"name\":\"Strona g\u0142\u00f3wna\",\"item\":\"https:\/\/www.festiwalsztukdawnych.pl\/\"},{\"@type\":\"ListItem\",\"position\":2,\"name\":\"Poprzednie edycje\",\"item\":\"https:\/\/www.festiwalsztukdawnych.pl\/poprzednie-edycje\/\"},{\"@type\":\"ListItem\",\"position\":3,\"name\":\"Imieniny Izabeli Branickiej 2013 &#8211; opis\"}]},{\"@type\":\"WebSite\",\"@id\":\"https:\/\/www.festiwalsztukdawnych.pl\/#website\",\"url\":\"https:\/\/www.festiwalsztukdawnych.pl\/\",\"name\":\"Mi\u0119dzynarodowy Festiwal Sztuk Dawnych im. Izabeli Branickiej 2025\",\"description\":\"12 pa\u017adziernika - 23 listopada 2025\",\"publisher\":{\"@id\":\"https:\/\/www.festiwalsztukdawnych.pl\/#organization\"},\"potentialAction\":[{\"@type\":\"SearchAction\",\"target\":{\"@type\":\"EntryPoint\",\"urlTemplate\":\"https:\/\/www.festiwalsztukdawnych.pl\/?s={search_term_string}\"},\"query-input\":\"required name=search_term_string\"}],\"inLanguage\":\"en-GB\"},{\"@type\":\"Organization\",\"@id\":\"https:\/\/www.festiwalsztukdawnych.pl\/#organization\",\"name\":\"Mi\u0119dzynarodowy Festiwal Sztuk Dawnych im. Izabeli Branickiej 2022\",\"url\":\"https:\/\/www.festiwalsztukdawnych.pl\/\",\"sameAs\":[\"https:\/\/www.facebook.com\/festiwalsztukdawnych\"],\"logo\":{\"@type\":\"ImageObject\",\"inLanguage\":\"en-GB\",\"@id\":\"https:\/\/www.festiwalsztukdawnych.pl\/#\/schema\/logo\/image\/\",\"url\":\"https:\/\/www.festiwalsztukdawnych.pl\/wp-content\/uploads\/2022\/10\/MFSD2022-FB-cover.png\",\"contentUrl\":\"https:\/\/www.festiwalsztukdawnych.pl\/wp-content\/uploads\/2022\/10\/MFSD2022-FB-cover.png\",\"width\":820,\"height\":409,\"caption\":\"Mi\u0119dzynarodowy Festiwal Sztuk Dawnych im. Izabeli Branickiej 2022\"},\"image\":{\"@id\":\"https:\/\/www.festiwalsztukdawnych.pl\/#\/schema\/logo\/image\/\"}}]}<\/script>\n<!-- \/ Yoast SEO plugin. -->","yoast_head_json":{"title":"Mi\u0119dzynarodowy Festiwal Sztuk Dawnych im. Izabeli Branickiej 2022","robots":{"index":"index","follow":"follow","max-snippet":"max-snippet:-1","max-image-preview":"max-image-preview:large","max-video-preview":"max-video-preview:-1"},"canonical":"https:\/\/www.festiwalsztukdawnych.pl\/en\/poprzednie-edycje\/2013-2\/","og_locale":"en_GB","og_type":"article","og_title":"Mi\u0119dzynarodowy Festiwal Sztuk Dawnych im. Izabeli Branickiej 2022","og_description":"&nbsp; Imieniny Izabeli Branickiej 2013 Fundacja Pro Anima serdecznie zaprasza na tegoroczny Festiwal Sztuk Dawnych \u2013 Imieniny Izabeli Branickiej, kt\u00f3ry odb\u0119dzie si\u0119 w dniach 17-19 listopada 2013 r. Festiwal Sztuk Dawnych nawi\u0105zuje do opis\u00f3w hucznych obchod\u00f3w Imienin za \u017cycia przez Izabel\u0119 Branick\u0105, kt\u00f3re poprzez rekonstrukcj\u0119 r\u00f3\u017cnych element\u00f3w obchod\u00f3w: koncert\u00f3w, oprawy muzycznej liturgii, oper, balet\u00f3w i innych wydarze\u0144 w historycznych wn\u0119trzach [&hellip;]","og_url":"https:\/\/www.festiwalsztukdawnych.pl\/en\/poprzednie-edycje\/2013-2\/","og_site_name":"Mi\u0119dzynarodowy Festiwal Sztuk Dawnych im. Izabeli Branickiej 2025","article_publisher":"https:\/\/www.facebook.com\/festiwalsztukdawnych","article_modified_time":"2019-04-10T08:01:05+00:00","og_image":[{"url":"http:\/\/www.festiwalsztukdawnych.pl\/wp-content\/uploads\/2017\/11\/FSD_2013-208x300.jpg"}],"twitter_card":"summary_large_image","twitter_misc":{"Estimated reading time":"3 minutes"},"schema":{"@context":"https:\/\/schema.org","@graph":[{"@type":"WebPage","@id":"https:\/\/www.festiwalsztukdawnych.pl\/poprzednie-edycje\/2013-2\/","url":"https:\/\/www.festiwalsztukdawnych.pl\/poprzednie-edycje\/2013-2\/","name":"Mi\u0119dzynarodowy Festiwal Sztuk Dawnych im. Izabeli Branickiej 2022","isPartOf":{"@id":"https:\/\/www.festiwalsztukdawnych.pl\/#website"},"datePublished":"2017-11-08T10:05:19+00:00","dateModified":"2019-04-10T08:01:05+00:00","breadcrumb":{"@id":"https:\/\/www.festiwalsztukdawnych.pl\/poprzednie-edycje\/2013-2\/#breadcrumb"},"inLanguage":"en-GB","potentialAction":[{"@type":"ReadAction","target":["https:\/\/www.festiwalsztukdawnych.pl\/poprzednie-edycje\/2013-2\/"]}]},{"@type":"BreadcrumbList","@id":"https:\/\/www.festiwalsztukdawnych.pl\/poprzednie-edycje\/2013-2\/#breadcrumb","itemListElement":[{"@type":"ListItem","position":1,"name":"Strona g\u0142\u00f3wna","item":"https:\/\/www.festiwalsztukdawnych.pl\/"},{"@type":"ListItem","position":2,"name":"Poprzednie edycje","item":"https:\/\/www.festiwalsztukdawnych.pl\/poprzednie-edycje\/"},{"@type":"ListItem","position":3,"name":"Imieniny Izabeli Branickiej 2013 &#8211; opis"}]},{"@type":"WebSite","@id":"https:\/\/www.festiwalsztukdawnych.pl\/#website","url":"https:\/\/www.festiwalsztukdawnych.pl\/","name":"Mi\u0119dzynarodowy Festiwal Sztuk Dawnych im. Izabeli Branickiej 2025","description":"12 pa\u017adziernika - 23 listopada 2025","publisher":{"@id":"https:\/\/www.festiwalsztukdawnych.pl\/#organization"},"potentialAction":[{"@type":"SearchAction","target":{"@type":"EntryPoint","urlTemplate":"https:\/\/www.festiwalsztukdawnych.pl\/?s={search_term_string}"},"query-input":"required name=search_term_string"}],"inLanguage":"en-GB"},{"@type":"Organization","@id":"https:\/\/www.festiwalsztukdawnych.pl\/#organization","name":"Mi\u0119dzynarodowy Festiwal Sztuk Dawnych im. Izabeli Branickiej 2022","url":"https:\/\/www.festiwalsztukdawnych.pl\/","sameAs":["https:\/\/www.facebook.com\/festiwalsztukdawnych"],"logo":{"@type":"ImageObject","inLanguage":"en-GB","@id":"https:\/\/www.festiwalsztukdawnych.pl\/#\/schema\/logo\/image\/","url":"https:\/\/www.festiwalsztukdawnych.pl\/wp-content\/uploads\/2022\/10\/MFSD2022-FB-cover.png","contentUrl":"https:\/\/www.festiwalsztukdawnych.pl\/wp-content\/uploads\/2022\/10\/MFSD2022-FB-cover.png","width":820,"height":409,"caption":"Mi\u0119dzynarodowy Festiwal Sztuk Dawnych im. Izabeli Branickiej 2022"},"image":{"@id":"https:\/\/www.festiwalsztukdawnych.pl\/#\/schema\/logo\/image\/"}}]}},"_links":{"self":[{"href":"https:\/\/www.festiwalsztukdawnych.pl\/en\/wp-json\/wp\/v2\/pages\/425"}],"collection":[{"href":"https:\/\/www.festiwalsztukdawnych.pl\/en\/wp-json\/wp\/v2\/pages"}],"about":[{"href":"https:\/\/www.festiwalsztukdawnych.pl\/en\/wp-json\/wp\/v2\/types\/page"}],"author":[{"embeddable":true,"href":"https:\/\/www.festiwalsztukdawnych.pl\/en\/wp-json\/wp\/v2\/users\/1"}],"replies":[{"embeddable":true,"href":"https:\/\/www.festiwalsztukdawnych.pl\/en\/wp-json\/wp\/v2\/comments?post=425"}],"version-history":[{"count":14,"href":"https:\/\/www.festiwalsztukdawnych.pl\/en\/wp-json\/wp\/v2\/pages\/425\/revisions"}],"predecessor-version":[{"id":1105,"href":"https:\/\/www.festiwalsztukdawnych.pl\/en\/wp-json\/wp\/v2\/pages\/425\/revisions\/1105"}],"up":[{"embeddable":true,"href":"https:\/\/www.festiwalsztukdawnych.pl\/en\/wp-json\/wp\/v2\/pages\/1727"}],"wp:attachment":[{"href":"https:\/\/www.festiwalsztukdawnych.pl\/en\/wp-json\/wp\/v2\/media?parent=425"}],"curies":[{"name":"wp","href":"https:\/\/api.w.org\/{rel}","templated":true}]}}