{"id":423,"date":"2017-11-08T11:05:14","date_gmt":"2017-11-08T10:05:14","guid":{"rendered":"http:\/\/www.proanima.ayz.pl\/?page_id=423"},"modified":"2019-04-10T10:01:15","modified_gmt":"2019-04-10T08:01:15","slug":"2014-2","status":"publish","type":"page","link":"https:\/\/www.festiwalsztukdawnych.pl\/en\/poprzednie-edycje\/2014-2\/","title":{"rendered":"Imieniny Izabeli Branickiej 2014 &#8211; opis"},"content":{"rendered":"<p>&nbsp;<\/p>\n<h1 style=\"text-align: center;\"><span style=\"color: #750c12;\"><em><strong>Imieniny Izabeli Branickiej 2014<\/strong><\/em><\/span><\/h1>\n<h3 style=\"text-align: justify;\"><span style=\"color: #750c12;\"><a href=\"http:\/\/www.festiwalsztukdawnych.pl\/wp-content\/uploads\/2017\/11\/FSD_2014.jpg\" data-rel=\"lightbox-image-0\" data-rl_title=\"\" data-rl_caption=\"\" title=\"\"><img loading=\"lazy\" class=\"alignleft size-medium wp-image-457\" src=\"http:\/\/www.festiwalsztukdawnych.pl\/wp-content\/uploads\/2017\/11\/FSD_2014-208x300.jpg\" alt=\"\" width=\"208\" height=\"300\" srcset=\"https:\/\/www.festiwalsztukdawnych.pl\/wp-content\/uploads\/2017\/11\/FSD_2014-208x300.jpg 208w, https:\/\/www.festiwalsztukdawnych.pl\/wp-content\/uploads\/2017\/11\/FSD_2014.jpg 624w\" sizes=\"(max-width: 208px) 100vw, 208px\" \/><\/a>Fundacja Pro Anima serdecznie zaprasza na tegoroczny Festiwal Sztuk Dawnych &#8211; Imieniny Izabeli Branickiej.<\/span><br \/>\n<span style=\"color: #750c12;\"> Impreza wpisa\u0142a si\u0119 na sta\u0142e do kalendarza imprez w naszym regionie. R\u00f3wnie\u017c tegoroczna \u2013 IV edycja nawi\u0105zuje do opis\u00f3w hucznych obchod\u00f3w Imienin za \u017cycia przez Izabel\u0119 Branick\u0105, a poprzez rekonstrukcj\u0119 r\u00f3\u017cnych element\u00f3w obchod\u00f3w: koncert\u00f3w, oprawy muzycznej liturgii, oper, przedstawie\u0144 baletowych i innych wydarze\u0144 w historycznych wn\u0119trzach z XVIII wieku ma przybli\u017cy\u0107 odbiorcom kultur\u0119 i sztuk\u0119 tego wa\u017cnego dla Polak\u00f3w okresu. Wszystkie z wymienionych przedsi\u0119wzi\u0119\u0107 artystycznych realizowane s\u0105 ze wst\u0119pem wolnym i co roku kilkuset Bia\u0142ostoczan uczestniczy w imprezach festiwalowych wspominaj\u0105c najwi\u0119kszego mecenasa kultury naszego miasta &#8211; Izabel\u0119 Branick\u0105 z Poniatowskich. Podobnie jak w ubieg\u0142ych latach odb\u0119dzie si\u0119 wiele przedsi\u0119wzi\u0119\u0107 o wysokiej randze artystycznej.<\/span><\/h3>\n<h3 style=\"text-align: justify;\"><span style=\"color: #750c12;\"><b>PROGRAM:<\/b><\/span><br \/>\n<span style=\"color: #750c12;\"> <b>16.11.2014 (niedziela)<br \/>\n13.30 &#8211; Msza \u015awi\u0119ta Inauguruj\u0105ca Festiwal<\/b> <\/span><br \/>\n<span style=\"color: #750c12;\"> Stary Ko\u015bci\u00f3\u0142 Farny <\/span><\/h3>\n<p style=\"text-align: justify;\"><span style=\"color: #750c12;\">Muzyka liturgiczna z XVIII wieku\u00a0w wykonaniu:<\/span><br \/>\n<span style=\"color: #750c12;\"> M\u0119skiego Zespo\u0142u Wokalnego SCHOLA GREGORIANA SANCTE CASIMIRI<\/span><br \/>\n<span style=\"color: #750c12;\"> Orkiestra Instrument\u00f3w HISTORYCZNYCH BAROQUE COLLEGIUM MUSICUM<\/span><br \/>\n<span style=\"color: #750c12;\"> Dariusz Hajdukiewicz \u2013 organy\/kierownictwo artystyczne orkiestry<\/span><\/p>\n<h3 style=\"text-align: justify;\"><span style=\"color: #750c12;\"><strong>15.00 &#8211; ZWIEDZANIE KRYPTY POD KO\u015aCIO\u0141EM <\/strong><\/span><\/h3>\n<h3 style=\"text-align: justify;\"><span style=\"color: #750c12;\"><b>17.11.2014 (poniedzia\u0142ek)<br \/>\n19.00 &#8211; semi-sceniczne wykonanie opery NICCOLO PICCINI &#8222;LA BUONA FIGLIOLA&#8221;<\/b><\/span><br \/>\n<span style=\"color: #750c12;\"> Pa\u0142ac Branickich w Bia\u0142ymstoku, Aula Magna <\/span><\/h3>\n<p style=\"text-align: left;\"><span style=\"color: #750c12;\">Anna Wolfinger &#8211; Cecchina<\/span><br \/>\n<span style=\"color: #750c12;\"> Aleksander Kunach &#8211; Markiz<\/span><br \/>\n<span style=\"color: #750c12;\"> Julita Miros\u0142awska &#8211; Markiza<\/span><br \/>\n<span style=\"color: #750c12;\"> Pawe\u0142 Jakub Wojtasiewicz &#8211; Kawaler<\/span><br \/>\n<span style=\"color: #750c12;\"> Ma\u0142gorzata Trojanowska -Sandrina<\/span><br \/>\n<span style=\"color: #750c12;\"> Dawid Dubec &#8211; Mengotto<\/span><br \/>\n<span style=\"color: #750c12;\"> Przemys\u0142aw Kummer &#8211; Tagliaferro<\/span><br \/>\n<span style=\"color: #750c12;\"> Tancerze Baletu Dworskiego \u201eCRACOVIA DANZA\u201d <\/span><br \/>\n<span style=\"color: #750c12;\"> Zesp\u00f3\u0142 Ta\u0144ca Dawnego \u201eCAPELLA ANTIQUA BIALOSTOCIENSIS\u201d<\/span><br \/>\n<span style=\"color: #750c12;\"> Romna Agnel &#8211; inscenizacja i choreografia<\/span><br \/>\n<span style=\"color: #750c12;\"> Monika Polak-Lu\u015bci\u0144ska &#8211; Kostiumy<\/span><br \/>\n<span style=\"color: #750c12;\"> Zesp\u00f3\u0142 Muzyki Dawnej \u201eDILETTO\u201d<\/span><br \/>\n<span style=\"color: #750c12;\"> Anna Moniuszko &#8211; dyrygent<\/span><\/p>\n<h3><span style=\"color: #750c12;\"><b>18.11.2014 (wtorek)<br \/>\n18.00 &#8211; Wiecz\u00f3r Historyczny<\/b><\/span><br \/>\n<span style=\"color: #750c12;\"> Ratusz &#8211; Muzeum Podlaskie w Bia\u0142ymstoku <\/span><\/h3>\n<p style=\"text-align: left;\"><span style=\"color: #750c12;\">Gaw\u0119da o Izabeli Branickiej Andrzeja Lechowskiego<\/span><br \/>\n<span style=\"color: #750c12;\"> Recital &#8222;Polonezy i Romanse M.K. Ogi\u0144skiego&#8221;<\/span><br \/>\n<span style=\"color: #750c12;\"> Anna Wolfinger &#8211; sopran<\/span><br \/>\n<span style=\"color: #750c12;\"> Katarzyna Drogosz &#8211; pianoforte<\/span><\/p>\n<h3><span style=\"color: #750c12;\"><b>19.11.2014 (\u015broda)<br \/>\n19.00 &#8211; Spektakl Taneczny BALET DWORSKI MOZARTA<\/b><\/span><br \/>\n<span style=\"color: #750c12;\"> Miejsce: Pa\u0142ac Branickich w Bia\u0142ymstoku, Aula Magna<\/span><\/h3>\n<p style=\"text-align: left;\"><span style=\"color: #750c12;\">Romana Agnel &#8211; inscenizacja i choreografia<\/span><br \/>\n<span style=\"color: #750c12;\"> Monika Polak-Lu\u015bci\u0144ska &#8211; Kostiumy<\/span><br \/>\n<span style=\"color: #750c12;\"> Tancerze Baletu Dworskiego \u201eCRACOVIA DANZA\u201d <\/span><br \/>\n<span style=\"color: #750c12;\"> przy udziale <\/span><br \/>\n<span style=\"color: #750c12;\"> Zespo\u0142u Ta\u0144ca Dawnego \u201eCAPELLA ANTIQUA BIALOSTOCIENSIS\u201d<\/span><br \/>\n<span style=\"color: #750c12;\"> Helena Szuhalska \u2013 kierownik zespo\u0142u<\/span><\/p>\n<h3 style=\"text-align: left;\"><span style=\"color: #750c12;\"><b>20.15 &#8211; Pokaz Stylizowanych Fajerwerk\u00f3w<\/b> <\/span><br \/>\n<span style=\"color: #750c12;\"> Salony Ogrodowe Branickich<\/span><br \/>\n<b><\/b><\/h3>\n<p>&nbsp;<\/p>\n<p style=\"text-align: right;\"><span style=\"color: #750c12;\"><b>Organizator<\/b> <\/span><br \/>\n<span style=\"color: #750c12;\"> Pro Anima Foundation<\/span><\/p>\n<p style=\"text-align: right;\"><span style=\"color: #750c12;\"><b>Wsp\u00f3\u0142organizatorzy<\/b> <\/span><br \/>\n<span style=\"color: #750c12;\"> Uniwersytet Muzyczny Fryderyka Chopina Wydzia\u0142 Instrumentalno-Pedagogiczny w Bia\u0142ymstoku<\/span><br \/>\n<span style=\"color: #750c12;\"> Muzeum Podlaskie w Bia\u0142ymstoku<\/span><\/p>\n<p style=\"text-align: right;\"><span style=\"color: #750c12;\"><b>Mecenat Festiwalu<\/b><\/span><br \/>\n<span style=\"color: #750c12;\"> PGE Dystrybucja S.A.<\/span><br \/>\n<span style=\"color: #750c12;\"> SaMasz Sp. z o.o.<\/span><br \/>\n<span style=\"color: #750c12;\"> Open Education Group Sp. z o.o. <\/span><\/p>\n<p style=\"text-align: right;\"><span style=\"color: #750c12;\"><em>Zrealizowano przy wsparciu finansowym Urz\u0119du Marsza\u0142kowskiego Wojew\u00f3dztwa Podlaskiego w Bia\u0142ymstoku<\/em><\/span><br \/>\n<span style=\"color: #750c12;\"> <em> Zadanie dofinansowane ze \u015brodk\u00f3w z bud\u017cetu Miasta Bia\u0142egostoku<\/em><\/span><\/p>\n<p style=\"text-align: right;\"><span style=\"color: #750c12;\"><b>Patronat medialny<\/b><\/span><br \/>\n<span style=\"color: #750c12;\"> Portal Miejski Bia\u0142ystokOnline<\/span><\/p>","protected":false},"excerpt":{"rendered":"<p>&nbsp; Imieniny Izabeli Branickiej 2014 Fundacja Pro Anima serdecznie zaprasza na tegoroczny Festiwal Sztuk Dawnych &#8211; Imieniny Izabeli Branickiej. Impreza wpisa\u0142a si\u0119 na sta\u0142e do kalendarza imprez w naszym regionie. R\u00f3wnie\u017c tegoroczna \u2013 IV edycja nawi\u0105zuje do opis\u00f3w hucznych obchod\u00f3w Imienin za \u017cycia przez Izabel\u0119 Branick\u0105, a poprzez rekonstrukcj\u0119 r\u00f3\u017cnych element\u00f3w obchod\u00f3w: koncert\u00f3w, oprawy muzycznej liturgii, oper, przedstawie\u0144 baletowych i [&hellip;]<\/p>","protected":false},"author":1,"featured_media":0,"parent":1727,"menu_order":997,"comment_status":"closed","ping_status":"closed","template":"","meta":[],"yoast_head":"<!-- This site is optimized with the Yoast SEO plugin v19.7.2 - https:\/\/yoast.com\/wordpress\/plugins\/seo\/ -->\n<title>Mi\u0119dzynarodowy Festiwal Sztuk Dawnych im. Izabeli Branickiej 2022<\/title>\n<meta name=\"robots\" content=\"index, follow, max-snippet:-1, max-image-preview:large, max-video-preview:-1\" \/>\n<link rel=\"canonical\" href=\"https:\/\/www.festiwalsztukdawnych.pl\/en\/poprzednie-edycje\/2014-2\/\" \/>\n<meta property=\"og:locale\" content=\"en_GB\" \/>\n<meta property=\"og:type\" content=\"article\" \/>\n<meta property=\"og:title\" content=\"Mi\u0119dzynarodowy Festiwal Sztuk Dawnych im. Izabeli Branickiej 2022\" \/>\n<meta property=\"og:description\" content=\"&nbsp; Imieniny Izabeli Branickiej 2014 Fundacja Pro Anima serdecznie zaprasza na tegoroczny Festiwal Sztuk Dawnych &#8211; Imieniny Izabeli Branickiej. Impreza wpisa\u0142a si\u0119 na sta\u0142e do kalendarza imprez w naszym regionie. R\u00f3wnie\u017c tegoroczna \u2013 IV edycja nawi\u0105zuje do opis\u00f3w hucznych obchod\u00f3w Imienin za \u017cycia przez Izabel\u0119 Branick\u0105, a poprzez rekonstrukcj\u0119 r\u00f3\u017cnych element\u00f3w obchod\u00f3w: koncert\u00f3w, oprawy muzycznej liturgii, oper, przedstawie\u0144 baletowych i [&hellip;]\" \/>\n<meta property=\"og:url\" content=\"https:\/\/www.festiwalsztukdawnych.pl\/en\/poprzednie-edycje\/2014-2\/\" \/>\n<meta property=\"og:site_name\" content=\"Mi\u0119dzynarodowy Festiwal Sztuk Dawnych im. Izabeli Branickiej 2025\" \/>\n<meta property=\"article:publisher\" content=\"https:\/\/www.facebook.com\/festiwalsztukdawnych\" \/>\n<meta property=\"article:modified_time\" content=\"2019-04-10T08:01:15+00:00\" \/>\n<meta property=\"og:image\" content=\"http:\/\/www.festiwalsztukdawnych.pl\/wp-content\/uploads\/2017\/11\/FSD_2014-208x300.jpg\" \/>\n<meta name=\"twitter:card\" content=\"summary_large_image\" \/>\n<meta name=\"twitter:label1\" content=\"Estimated reading time\" \/>\n\t<meta name=\"twitter:data1\" content=\"2 minutes\" \/>\n<script type=\"application\/ld+json\" class=\"yoast-schema-graph\">{\"@context\":\"https:\/\/schema.org\",\"@graph\":[{\"@type\":\"WebPage\",\"@id\":\"https:\/\/www.festiwalsztukdawnych.pl\/poprzednie-edycje\/2014-2\/\",\"url\":\"https:\/\/www.festiwalsztukdawnych.pl\/poprzednie-edycje\/2014-2\/\",\"name\":\"Mi\u0119dzynarodowy Festiwal Sztuk Dawnych im. Izabeli Branickiej 2022\",\"isPartOf\":{\"@id\":\"https:\/\/www.festiwalsztukdawnych.pl\/#website\"},\"datePublished\":\"2017-11-08T10:05:14+00:00\",\"dateModified\":\"2019-04-10T08:01:15+00:00\",\"breadcrumb\":{\"@id\":\"https:\/\/www.festiwalsztukdawnych.pl\/poprzednie-edycje\/2014-2\/#breadcrumb\"},\"inLanguage\":\"en-GB\",\"potentialAction\":[{\"@type\":\"ReadAction\",\"target\":[\"https:\/\/www.festiwalsztukdawnych.pl\/poprzednie-edycje\/2014-2\/\"]}]},{\"@type\":\"BreadcrumbList\",\"@id\":\"https:\/\/www.festiwalsztukdawnych.pl\/poprzednie-edycje\/2014-2\/#breadcrumb\",\"itemListElement\":[{\"@type\":\"ListItem\",\"position\":1,\"name\":\"Strona g\u0142\u00f3wna\",\"item\":\"https:\/\/www.festiwalsztukdawnych.pl\/\"},{\"@type\":\"ListItem\",\"position\":2,\"name\":\"Poprzednie edycje\",\"item\":\"https:\/\/www.festiwalsztukdawnych.pl\/poprzednie-edycje\/\"},{\"@type\":\"ListItem\",\"position\":3,\"name\":\"Imieniny Izabeli Branickiej 2014 &#8211; opis\"}]},{\"@type\":\"WebSite\",\"@id\":\"https:\/\/www.festiwalsztukdawnych.pl\/#website\",\"url\":\"https:\/\/www.festiwalsztukdawnych.pl\/\",\"name\":\"Mi\u0119dzynarodowy Festiwal Sztuk Dawnych im. Izabeli Branickiej 2025\",\"description\":\"12 pa\u017adziernika - 23 listopada 2025\",\"publisher\":{\"@id\":\"https:\/\/www.festiwalsztukdawnych.pl\/#organization\"},\"potentialAction\":[{\"@type\":\"SearchAction\",\"target\":{\"@type\":\"EntryPoint\",\"urlTemplate\":\"https:\/\/www.festiwalsztukdawnych.pl\/?s={search_term_string}\"},\"query-input\":\"required name=search_term_string\"}],\"inLanguage\":\"en-GB\"},{\"@type\":\"Organization\",\"@id\":\"https:\/\/www.festiwalsztukdawnych.pl\/#organization\",\"name\":\"Mi\u0119dzynarodowy Festiwal Sztuk Dawnych im. Izabeli Branickiej 2022\",\"url\":\"https:\/\/www.festiwalsztukdawnych.pl\/\",\"sameAs\":[\"https:\/\/www.facebook.com\/festiwalsztukdawnych\"],\"logo\":{\"@type\":\"ImageObject\",\"inLanguage\":\"en-GB\",\"@id\":\"https:\/\/www.festiwalsztukdawnych.pl\/#\/schema\/logo\/image\/\",\"url\":\"https:\/\/www.festiwalsztukdawnych.pl\/wp-content\/uploads\/2022\/10\/MFSD2022-FB-cover.png\",\"contentUrl\":\"https:\/\/www.festiwalsztukdawnych.pl\/wp-content\/uploads\/2022\/10\/MFSD2022-FB-cover.png\",\"width\":820,\"height\":409,\"caption\":\"Mi\u0119dzynarodowy Festiwal Sztuk Dawnych im. Izabeli Branickiej 2022\"},\"image\":{\"@id\":\"https:\/\/www.festiwalsztukdawnych.pl\/#\/schema\/logo\/image\/\"}}]}<\/script>\n<!-- \/ Yoast SEO plugin. -->","yoast_head_json":{"title":"Mi\u0119dzynarodowy Festiwal Sztuk Dawnych im. Izabeli Branickiej 2022","robots":{"index":"index","follow":"follow","max-snippet":"max-snippet:-1","max-image-preview":"max-image-preview:large","max-video-preview":"max-video-preview:-1"},"canonical":"https:\/\/www.festiwalsztukdawnych.pl\/en\/poprzednie-edycje\/2014-2\/","og_locale":"en_GB","og_type":"article","og_title":"Mi\u0119dzynarodowy Festiwal Sztuk Dawnych im. Izabeli Branickiej 2022","og_description":"&nbsp; Imieniny Izabeli Branickiej 2014 Fundacja Pro Anima serdecznie zaprasza na tegoroczny Festiwal Sztuk Dawnych &#8211; Imieniny Izabeli Branickiej. Impreza wpisa\u0142a si\u0119 na sta\u0142e do kalendarza imprez w naszym regionie. R\u00f3wnie\u017c tegoroczna \u2013 IV edycja nawi\u0105zuje do opis\u00f3w hucznych obchod\u00f3w Imienin za \u017cycia przez Izabel\u0119 Branick\u0105, a poprzez rekonstrukcj\u0119 r\u00f3\u017cnych element\u00f3w obchod\u00f3w: koncert\u00f3w, oprawy muzycznej liturgii, oper, przedstawie\u0144 baletowych i [&hellip;]","og_url":"https:\/\/www.festiwalsztukdawnych.pl\/en\/poprzednie-edycje\/2014-2\/","og_site_name":"Mi\u0119dzynarodowy Festiwal Sztuk Dawnych im. Izabeli Branickiej 2025","article_publisher":"https:\/\/www.facebook.com\/festiwalsztukdawnych","article_modified_time":"2019-04-10T08:01:15+00:00","og_image":[{"url":"http:\/\/www.festiwalsztukdawnych.pl\/wp-content\/uploads\/2017\/11\/FSD_2014-208x300.jpg"}],"twitter_card":"summary_large_image","twitter_misc":{"Estimated reading time":"2 minutes"},"schema":{"@context":"https:\/\/schema.org","@graph":[{"@type":"WebPage","@id":"https:\/\/www.festiwalsztukdawnych.pl\/poprzednie-edycje\/2014-2\/","url":"https:\/\/www.festiwalsztukdawnych.pl\/poprzednie-edycje\/2014-2\/","name":"Mi\u0119dzynarodowy Festiwal Sztuk Dawnych im. Izabeli Branickiej 2022","isPartOf":{"@id":"https:\/\/www.festiwalsztukdawnych.pl\/#website"},"datePublished":"2017-11-08T10:05:14+00:00","dateModified":"2019-04-10T08:01:15+00:00","breadcrumb":{"@id":"https:\/\/www.festiwalsztukdawnych.pl\/poprzednie-edycje\/2014-2\/#breadcrumb"},"inLanguage":"en-GB","potentialAction":[{"@type":"ReadAction","target":["https:\/\/www.festiwalsztukdawnych.pl\/poprzednie-edycje\/2014-2\/"]}]},{"@type":"BreadcrumbList","@id":"https:\/\/www.festiwalsztukdawnych.pl\/poprzednie-edycje\/2014-2\/#breadcrumb","itemListElement":[{"@type":"ListItem","position":1,"name":"Strona g\u0142\u00f3wna","item":"https:\/\/www.festiwalsztukdawnych.pl\/"},{"@type":"ListItem","position":2,"name":"Poprzednie edycje","item":"https:\/\/www.festiwalsztukdawnych.pl\/poprzednie-edycje\/"},{"@type":"ListItem","position":3,"name":"Imieniny Izabeli Branickiej 2014 &#8211; opis"}]},{"@type":"WebSite","@id":"https:\/\/www.festiwalsztukdawnych.pl\/#website","url":"https:\/\/www.festiwalsztukdawnych.pl\/","name":"Mi\u0119dzynarodowy Festiwal Sztuk Dawnych im. Izabeli Branickiej 2025","description":"12 pa\u017adziernika - 23 listopada 2025","publisher":{"@id":"https:\/\/www.festiwalsztukdawnych.pl\/#organization"},"potentialAction":[{"@type":"SearchAction","target":{"@type":"EntryPoint","urlTemplate":"https:\/\/www.festiwalsztukdawnych.pl\/?s={search_term_string}"},"query-input":"required name=search_term_string"}],"inLanguage":"en-GB"},{"@type":"Organization","@id":"https:\/\/www.festiwalsztukdawnych.pl\/#organization","name":"Mi\u0119dzynarodowy Festiwal Sztuk Dawnych im. Izabeli Branickiej 2022","url":"https:\/\/www.festiwalsztukdawnych.pl\/","sameAs":["https:\/\/www.facebook.com\/festiwalsztukdawnych"],"logo":{"@type":"ImageObject","inLanguage":"en-GB","@id":"https:\/\/www.festiwalsztukdawnych.pl\/#\/schema\/logo\/image\/","url":"https:\/\/www.festiwalsztukdawnych.pl\/wp-content\/uploads\/2022\/10\/MFSD2022-FB-cover.png","contentUrl":"https:\/\/www.festiwalsztukdawnych.pl\/wp-content\/uploads\/2022\/10\/MFSD2022-FB-cover.png","width":820,"height":409,"caption":"Mi\u0119dzynarodowy Festiwal Sztuk Dawnych im. Izabeli Branickiej 2022"},"image":{"@id":"https:\/\/www.festiwalsztukdawnych.pl\/#\/schema\/logo\/image\/"}}]}},"_links":{"self":[{"href":"https:\/\/www.festiwalsztukdawnych.pl\/en\/wp-json\/wp\/v2\/pages\/423"}],"collection":[{"href":"https:\/\/www.festiwalsztukdawnych.pl\/en\/wp-json\/wp\/v2\/pages"}],"about":[{"href":"https:\/\/www.festiwalsztukdawnych.pl\/en\/wp-json\/wp\/v2\/types\/page"}],"author":[{"embeddable":true,"href":"https:\/\/www.festiwalsztukdawnych.pl\/en\/wp-json\/wp\/v2\/users\/1"}],"replies":[{"embeddable":true,"href":"https:\/\/www.festiwalsztukdawnych.pl\/en\/wp-json\/wp\/v2\/comments?post=423"}],"version-history":[{"count":15,"href":"https:\/\/www.festiwalsztukdawnych.pl\/en\/wp-json\/wp\/v2\/pages\/423\/revisions"}],"predecessor-version":[{"id":1104,"href":"https:\/\/www.festiwalsztukdawnych.pl\/en\/wp-json\/wp\/v2\/pages\/423\/revisions\/1104"}],"up":[{"embeddable":true,"href":"https:\/\/www.festiwalsztukdawnych.pl\/en\/wp-json\/wp\/v2\/pages\/1727"}],"wp:attachment":[{"href":"https:\/\/www.festiwalsztukdawnych.pl\/en\/wp-json\/wp\/v2\/media?parent=423"}],"curies":[{"name":"wp","href":"https:\/\/api.w.org\/{rel}","templated":true}]}}