{"id":4032,"date":"2023-07-07T09:34:42","date_gmt":"2023-07-07T07:34:42","guid":{"rendered":"https:\/\/www.festiwalsztukdawnych.pl\/?page_id=4032"},"modified":"2023-10-21T15:25:02","modified_gmt":"2023-10-21T13:25:02","slug":"recital-klawesynowy-z-okazji-700-lecia-wilna","status":"publish","type":"page","link":"https:\/\/www.festiwalsztukdawnych.pl\/en\/recital-klawesynowy-z-okazji-700-lecia-wilna\/","title":{"rendered":"Muzyka Rzeczypospolitej Obojga Narod\u00f3w &#8211; recital klawesynowy z okazji 700-lecia Wilna &#8211; Chiara e lucente stella"},"content":{"rendered":"<div data-elementor-type=\"wp-page\" data-elementor-id=\"4032\" class=\"elementor elementor-4032\">\n\t\t\t\t\t\t<div class=\"elementor-inner\">\n\t\t\t\t<div class=\"elementor-section-wrap\">\n\t\t\t\t\t\t\t\t\t<section class=\"elementor-section elementor-top-section elementor-element elementor-element-10bf1ef elementor-section-boxed elementor-section-height-default elementor-section-height-default\" data-id=\"10bf1ef\" data-element_type=\"section\">\n\t\t\t\t\t\t<div class=\"elementor-container elementor-column-gap-default\">\n\t\t\t\t\t\t\t<div class=\"elementor-row\">\n\t\t\t\t\t<div class=\"elementor-column elementor-col-50 elementor-top-column elementor-element elementor-element-cc7c9f2\" data-id=\"cc7c9f2\" data-element_type=\"column\">\n\t\t\t<div class=\"elementor-column-wrap elementor-element-populated\">\n\t\t\t\t\t\t\t<div class=\"elementor-widget-wrap\">\n\t\t\t\t\t\t<div class=\"elementor-element elementor-element-b6b3ead elementor-widget elementor-widget-image\" data-id=\"b6b3ead\" data-element_type=\"widget\" data-widget_type=\"image.default\">\n\t\t\t\t<div class=\"elementor-widget-container\">\n\t\t\t\t\t\t\t\t<div class=\"elementor-image\">\n\t\t\t\t\t\t\t\t\t\t\t\t\t<a href=\"https:\/\/www.festiwalsztukdawnych.pl\/wp-content\/uploads\/2023\/10\/MFSD23-1080x1080-koncert2.png\" data-elementor-open-lightbox=\"yes\" data-elementor-lightbox-title=\"MFSD23-1080x1080-koncert2\" e-action-hash=\"#elementor-action%3Aaction%3Dlightbox%26settings%3DeyJpZCI6NDE5OSwidXJsIjoiaHR0cHM6XC9cL3d3dy5mZXN0aXdhbHN6dHVrZGF3bnljaC5wbFwvd3AtY29udGVudFwvdXBsb2Fkc1wvMjAyM1wvMTBcL01GU0QyMy0xMDgweDEwODAta29uY2VydDIucG5nIn0%3D\" data-rel=\"lightbox-image-0\" data-rl_title=\"\" data-rl_caption=\"\" title=\"\">\n\t\t\t\t\t\t\t<img width=\"720\" height=\"720\" src=\"https:\/\/www.festiwalsztukdawnych.pl\/wp-content\/uploads\/2023\/10\/MFSD23-1080x1080-EN-koncert2.png\" class=\"attachment-large size-large\" alt=\"\" loading=\"lazy\" srcset=\"https:\/\/www.festiwalsztukdawnych.pl\/wp-content\/uploads\/2023\/10\/MFSD23-1080x1080-EN-koncert2.png 1080w, https:\/\/www.festiwalsztukdawnych.pl\/wp-content\/uploads\/2023\/10\/MFSD23-1080x1080-EN-koncert2-300x300.png 300w, https:\/\/www.festiwalsztukdawnych.pl\/wp-content\/uploads\/2023\/10\/MFSD23-1080x1080-EN-koncert2-1024x1024.png 1024w, https:\/\/www.festiwalsztukdawnych.pl\/wp-content\/uploads\/2023\/10\/MFSD23-1080x1080-EN-koncert2-150x150.png 150w, https:\/\/www.festiwalsztukdawnych.pl\/wp-content\/uploads\/2023\/10\/MFSD23-1080x1080-EN-koncert2-768x768.png 768w, https:\/\/www.festiwalsztukdawnych.pl\/wp-content\/uploads\/2023\/10\/MFSD23-1080x1080-EN-koncert2-12x12.png 12w\" sizes=\"(max-width: 720px) 100vw, 720px\" \/>\t\t\t\t\t\t\t\t<\/a>\n\t\t\t\t\t\t\t\t\t\t\t\t\t\t<\/div>\n\t\t\t\t\t\t<\/div>\n\t\t\t\t<\/div>\n\t\t\t\t\t\t<\/div>\n\t\t\t\t\t<\/div>\n\t\t<\/div>\n\t\t\t\t<div class=\"elementor-column elementor-col-50 elementor-top-column elementor-element elementor-element-ba72cd8\" data-id=\"ba72cd8\" data-element_type=\"column\">\n\t\t\t<div class=\"elementor-column-wrap elementor-element-populated\">\n\t\t\t\t\t\t\t<div class=\"elementor-widget-wrap\">\n\t\t\t\t\t\t<section class=\"elementor-section elementor-inner-section elementor-element elementor-element-5891aa3 elementor-section-boxed elementor-section-height-default elementor-section-height-default\" data-id=\"5891aa3\" data-element_type=\"section\">\n\t\t\t\t\t\t<div class=\"elementor-container elementor-column-gap-default\">\n\t\t\t\t\t\t\t<div class=\"elementor-row\">\n\t\t\t\t\t<div class=\"elementor-column elementor-col-100 elementor-inner-column elementor-element elementor-element-fb986eb\" data-id=\"fb986eb\" data-element_type=\"column\">\n\t\t\t<div class=\"elementor-column-wrap elementor-element-populated\">\n\t\t\t\t\t\t\t<div class=\"elementor-widget-wrap\">\n\t\t\t\t\t\t<div class=\"elementor-element elementor-element-8aa5a2c elementor-widget elementor-widget-heading\" data-id=\"8aa5a2c\" data-element_type=\"widget\" data-widget_type=\"heading.default\">\n\t\t\t\t<div class=\"elementor-widget-container\">\n\t\t\t<h3 class=\"elementor-heading-title elementor-size-default\">8 October 2023 (Sunday) 05:00 pm<\/h3>\t\t<\/div>\n\t\t\t\t<\/div>\n\t\t\t\t<div class=\"elementor-element elementor-element-b07ff64 elementor-widget elementor-widget-heading\" data-id=\"b07ff64\" data-element_type=\"widget\" data-widget_type=\"heading.default\">\n\t\t\t\t<div class=\"elementor-widget-container\">\n\t\t\t<h1 class=\"elementor-heading-title elementor-size-default\">Music of the Polish-Lithuanian Commonwealth harpsichord recital on the occasion of the 700th anniversary of Vilnius \u201cChiara e lucente stella\u201d<\/h1>\t\t<\/div>\n\t\t\t\t<\/div>\n\t\t\t\t<div class=\"elementor-element elementor-element-97c1c16 elementor-widget elementor-widget-heading\" data-id=\"97c1c16\" data-element_type=\"widget\" data-widget_type=\"heading.default\">\n\t\t\t\t<div class=\"elementor-widget-container\">\n\t\t\t<h3 class=\"elementor-heading-title elementor-size-default\">City Hall in Bia\u0142ystok<\/h3>\t\t<\/div>\n\t\t\t\t<\/div>\n\t\t\t\t\t\t<\/div>\n\t\t\t\t\t<\/div>\n\t\t<\/div>\n\t\t\t\t\t\t\t\t<\/div>\n\t\t\t\t\t<\/div>\n\t\t<\/section>\n\t\t\t\t\t\t<\/div>\n\t\t\t\t\t<\/div>\n\t\t<\/div>\n\t\t\t\t\t\t\t\t<\/div>\n\t\t\t\t\t<\/div>\n\t\t<\/section>\n\t\t\t\t<section class=\"elementor-section elementor-top-section elementor-element elementor-element-6415864 elementor-section-boxed elementor-section-height-default elementor-section-height-default\" data-id=\"6415864\" data-element_type=\"section\">\n\t\t\t\t\t\t<div class=\"elementor-container elementor-column-gap-default\">\n\t\t\t\t\t\t\t<div class=\"elementor-row\">\n\t\t\t\t\t<div class=\"elementor-column elementor-col-100 elementor-top-column elementor-element elementor-element-bc25063\" data-id=\"bc25063\" data-element_type=\"column\">\n\t\t\t<div class=\"elementor-column-wrap elementor-element-populated\">\n\t\t\t\t\t\t\t<div class=\"elementor-widget-wrap\">\n\t\t\t\t\t\t<div class=\"elementor-element elementor-element-1935778 elementor-widget elementor-widget-heading\" data-id=\"1935778\" data-element_type=\"widget\" data-widget_type=\"heading.default\">\n\t\t\t\t<div class=\"elementor-widget-container\">\n\t\t\t<h2 class=\"elementor-heading-title elementor-size-default\">Watch on-line:<\/h2>\t\t<\/div>\n\t\t\t\t<\/div>\n\t\t\t\t<div class=\"elementor-element elementor-element-8cef6c5 elementor-aspect-ratio-169 elementor-widget elementor-widget-video\" data-id=\"8cef6c5\" data-element_type=\"widget\" data-settings=\"{&quot;youtube_url&quot;:&quot;https:\\\/\\\/www.youtube.com\\\/embed\\\/p76w74sR7IY?si=KLCUfiRbhTepieVU&quot;,&quot;autoplay&quot;:&quot;yes&quot;,&quot;mute&quot;:&quot;yes&quot;,&quot;video_type&quot;:&quot;youtube&quot;,&quot;controls&quot;:&quot;yes&quot;,&quot;aspect_ratio&quot;:&quot;169&quot;}\" data-widget_type=\"video.default\">\n\t\t\t\t<div class=\"elementor-widget-container\">\n\t\t\t\t\t<div class=\"elementor-wrapper elementor-fit-aspect-ratio elementor-open-inline\">\n\t\t\t<div class=\"elementor-video\"><\/div>\t\t<\/div>\n\t\t\t\t<\/div>\n\t\t\t\t<\/div>\n\t\t\t\t\t\t<\/div>\n\t\t\t\t\t<\/div>\n\t\t<\/div>\n\t\t\t\t\t\t\t\t<\/div>\n\t\t\t\t\t<\/div>\n\t\t<\/section>\n\t\t\t\t<section class=\"elementor-section elementor-top-section elementor-element elementor-element-320f34f elementor-section-boxed elementor-section-height-default elementor-section-height-default\" data-id=\"320f34f\" data-element_type=\"section\">\n\t\t\t\t\t\t<div class=\"elementor-container elementor-column-gap-default\">\n\t\t\t\t\t\t\t<div class=\"elementor-row\">\n\t\t\t\t\t<div class=\"elementor-column elementor-col-100 elementor-top-column elementor-element elementor-element-cf01cb3\" data-id=\"cf01cb3\" data-element_type=\"column\">\n\t\t\t<div class=\"elementor-column-wrap elementor-element-populated\">\n\t\t\t\t\t\t\t<div class=\"elementor-widget-wrap\">\n\t\t\t\t\t\t<section class=\"elementor-section elementor-inner-section elementor-element elementor-element-778eafb elementor-section-boxed elementor-section-height-default elementor-section-height-default\" data-id=\"778eafb\" data-element_type=\"section\">\n\t\t\t\t\t\t<div class=\"elementor-container elementor-column-gap-default\">\n\t\t\t\t\t\t\t<div class=\"elementor-row\">\n\t\t\t\t\t<div class=\"elementor-column elementor-col-50 elementor-inner-column elementor-element elementor-element-4fbeb92\" data-id=\"4fbeb92\" data-element_type=\"column\">\n\t\t\t<div class=\"elementor-column-wrap elementor-element-populated\">\n\t\t\t\t\t\t\t<div class=\"elementor-widget-wrap\">\n\t\t\t\t\t\t<div class=\"elementor-element elementor-element-6ea9a0d elementor-widget elementor-widget-heading\" data-id=\"6ea9a0d\" data-element_type=\"widget\" data-widget_type=\"heading.default\">\n\t\t\t\t<div class=\"elementor-widget-container\">\n\t\t\t<h2 class=\"elementor-heading-title elementor-size-default\">Performers:<\/h2>\t\t<\/div>\n\t\t\t\t<\/div>\n\t\t\t\t<div class=\"elementor-element elementor-element-a9c288d elementor-widget elementor-widget-text-editor\" data-id=\"a9c288d\" data-element_type=\"widget\" data-widget_type=\"text-editor.default\">\n\t\t\t\t<div class=\"elementor-widget-container\">\n\t\t\t\t\t\t\t\t<div class=\"elementor-text-editor elementor-clearfix\">\n\t\t\t\t<ul><li>ALINA ROTARU \u2013 harpsichord (Lithuania)<\/li><\/ul>\t\t\t\t\t<\/div>\n\t\t\t\t\t\t<\/div>\n\t\t\t\t<\/div>\n\t\t\t\t\t\t<\/div>\n\t\t\t\t\t<\/div>\n\t\t<\/div>\n\t\t\t\t<div class=\"elementor-column elementor-col-50 elementor-inner-column elementor-element elementor-element-a4fd493\" data-id=\"a4fd493\" data-element_type=\"column\">\n\t\t\t<div class=\"elementor-column-wrap elementor-element-populated\">\n\t\t\t\t\t\t\t<div class=\"elementor-widget-wrap\">\n\t\t\t\t\t\t<div class=\"elementor-element elementor-element-9349529 elementor-view-default elementor-widget elementor-widget-icon\" data-id=\"9349529\" data-element_type=\"widget\" data-widget_type=\"icon.default\">\n\t\t\t\t<div class=\"elementor-widget-container\">\n\t\t\t\t\t<div class=\"elementor-icon-wrapper\">\n\t\t\t<a class=\"elementor-icon elementor-animation-shrink\" href=\"https:\/\/www.festiwalsztukdawnych.pl\/wp-content\/uploads\/2023\/10\/MFSD23-katalog-EN-small.pdf\" target=\"_blank\">\n\t\t\t<i aria-hidden=\"true\" class=\"fas fa-file-pdf\"><\/i>\t\t\t<\/a>\n\t\t<\/div>\n\t\t\t\t<\/div>\n\t\t\t\t<\/div>\n\t\t\t\t<div class=\"elementor-element elementor-element-c6d8d15 elementor-widget elementor-widget-heading\" data-id=\"c6d8d15\" data-element_type=\"widget\" data-widget_type=\"heading.default\">\n\t\t\t\t<div class=\"elementor-widget-container\">\n\t\t\t<h2 class=\"elementor-heading-title elementor-size-default\"><a href=\"https:\/\/www.festiwalsztukdawnych.pl\/wp-content\/uploads\/2023\/10\/MFSD23-katalog-EN-small.pdf\" target=\"_blank\">Schedule (.pdf)<\/a><\/h2>\t\t<\/div>\n\t\t\t\t<\/div>\n\t\t\t\t\t\t<\/div>\n\t\t\t\t\t<\/div>\n\t\t<\/div>\n\t\t\t\t\t\t\t\t<\/div>\n\t\t\t\t\t<\/div>\n\t\t<\/section>\n\t\t\t\t<div class=\"elementor-element elementor-element-de64499 elementor-widget elementor-widget-heading\" data-id=\"de64499\" data-element_type=\"widget\" data-widget_type=\"heading.default\">\n\t\t\t\t<div class=\"elementor-widget-container\">\n\t\t\t<h2 class=\"elementor-heading-title elementor-size-default\">Event description:<\/h2>\t\t<\/div>\n\t\t\t\t<\/div>\n\t\t\t\t<div class=\"elementor-element elementor-element-3a71249 elementor-widget elementor-widget-text-editor\" data-id=\"3a71249\" data-element_type=\"widget\" data-widget_type=\"text-editor.default\">\n\t\t\t\t<div class=\"elementor-widget-container\">\n\t\t\t\t\t\t\t\t<div class=\"elementor-text-editor elementor-clearfix\">\n\t\t\t\t<p>The first half of the 17th century brought cultural flourishing in the Polish-Lithuanian Commonwealth. Famous musicians from all over Europe were invited, whose music was heard in churches, courts and schools at various levels. In the Grand Duchy of Lithuania, the separate Society of Jesus, founded in 1608, brought a flourishing of the practice and study of sacred music, and the university founded in Vilnius in 1579, with its excellent vocal-instrumental chapel, various musical instruments and a rich music collection, was also one from the main places of musical performance and musical practice, thus keeping pace with the music and culture of the Kingdom of Poland. Alina Rotaru\u2019s research, for which she received a scholarship from the Lithuanian Cultural Council in 2019, mainly focuses on studying three sources of Jesuit Baroque (Braunsberg , Kraziai and Sapieha). However, in this programme, she highlights the broader space of the Polish-Lithuanian Commonwealth\u2019s keyboard music and the already distinguished genres of \u201cPolish music\u201d on the examples of manuscripts from K\u00f6nigsberg and Wittenberg and the D\u00fcben manuscripts.<\/p><p><span style=\"color: #ff007e;\">ALINA ROTARU<\/span><br \/>She studied piano and choral conducting at her hometown\u2019s music conservatory, Bucharest. After moving to Germany in 1999, she studied harpsichord with Siegbert Rampe and Wolfgang Kostujak in Duisburg, Carsten Lohff and Detlef Bratschke in Bremen and Bob van Asperen in Amsterdam. So far, she has performed as a soloist in most European countries, as well as in Japan, South America and the United States. She teaches at the University of Fine Arts in Bremen (Germany). Her solo recordings of harpsichord works by JP Sweelinck, JJ Froberger and English virginalists received excellent reviews in the music press, which put her on the list of the most outstanding harpsichordists of the young generation. In addition to her musical career, Alina Rotaru has been the organiser of the Bremen Music Festival since 2013. She has also worked as a music producer on several classical productions, some of which were released on Sony Classical \/Deutsche Harmonia Mundi. Alina Rotaru currently lives in Vilnius, Lithuania. Together with violist Darius Stabinskas. She founded the MORGAINE ensemble, which debuted in 2016.<\/p>\t\t\t\t\t<\/div>\n\t\t\t\t\t\t<\/div>\n\t\t\t\t<\/div>\n\t\t\t\t\t\t<\/div>\n\t\t\t\t\t<\/div>\n\t\t<\/div>\n\t\t\t\t\t\t\t\t<\/div>\n\t\t\t\t\t<\/div>\n\t\t<\/section>\n\t\t\t\t\t\t\t\t\t<\/div>\n\t\t\t<\/div>\n\t\t\t\t\t<\/div>","protected":false},"excerpt":{"rendered":"<p>8 X 2023 (Niedziela) godz. 17:00 Muzyka Rzeczypospolitej Obojga Narod\u00f3w &#8211; recital klawesynowy z okazji 700-lecia Wilna &#8211; Chiara e lucente stella Ratusz w Bia\u0142ymstoku Transmisja: https:\/\/youtube.com\/watch?v=p76w74sR7IY%3Fsi%3DKLCUfiRbhTepieVU Wykonawcy: ALINA ROTARU \u2013 klawesyn (Litwa) Program (.pdf) Opis wydarzenia: Pierwsza po\u0142owa XVII wieku przynios\u0142a rozkwit kulturowy w Rzeczypospolitej Obojga Narod\u00f3w. Zapraszano znanych muzyk\u00f3w z ca\u0142ej Europy, kt\u00f3rych muzyka wybrzmiewa\u0142a w ko\u015bcio\u0142ach, na [&hellip;]<\/p>","protected":false},"author":1,"featured_media":0,"parent":0,"menu_order":0,"comment_status":"closed","ping_status":"closed","template":"","meta":[],"yoast_head":"<!-- This site is optimized with the Yoast SEO plugin v19.7.2 - https:\/\/yoast.com\/wordpress\/plugins\/seo\/ -->\n<title>Mi\u0119dzynarodowy Festiwal Sztuk Dawnych im. Izabeli Branickiej 2023<\/title>\n<meta name=\"robots\" content=\"index, follow, max-snippet:-1, max-image-preview:large, max-video-preview:-1\" \/>\n<link rel=\"canonical\" href=\"https:\/\/www.festiwalsztukdawnych.pl\/en\/recital-klawesynowy-z-okazji-700-lecia-wilna\/\" \/>\n<meta property=\"og:locale\" content=\"en_GB\" \/>\n<meta property=\"og:type\" content=\"article\" \/>\n<meta property=\"og:title\" content=\"Mi\u0119dzynarodowy Festiwal Sztuk Dawnych im. Izabeli Branickiej 2023\" \/>\n<meta property=\"og:description\" content=\"8 X 2023 (Niedziela) godz. 17:00 Muzyka Rzeczypospolitej Obojga Narod\u00f3w &#8211; recital klawesynowy z okazji 700-lecia Wilna &#8211; Chiara e lucente stella Ratusz w Bia\u0142ymstoku Transmisja: https:\/\/youtube.com\/watch?v=p76w74sR7IY%3Fsi%3DKLCUfiRbhTepieVU Wykonawcy: ALINA ROTARU \u2013 klawesyn (Litwa) Program (.pdf) Opis wydarzenia: Pierwsza po\u0142owa XVII wieku przynios\u0142a rozkwit kulturowy w Rzeczypospolitej Obojga Narod\u00f3w. Zapraszano znanych muzyk\u00f3w z ca\u0142ej Europy, kt\u00f3rych muzyka wybrzmiewa\u0142a w ko\u015bcio\u0142ach, na [&hellip;]\" \/>\n<meta property=\"og:url\" content=\"https:\/\/www.festiwalsztukdawnych.pl\/en\/recital-klawesynowy-z-okazji-700-lecia-wilna\/\" \/>\n<meta property=\"og:site_name\" content=\"Mi\u0119dzynarodowy Festiwal Sztuk Dawnych im. Izabeli Branickiej 2025\" \/>\n<meta property=\"article:publisher\" content=\"https:\/\/www.facebook.com\/festiwalsztukdawnych\" \/>\n<meta property=\"article:modified_time\" content=\"2023-10-21T13:25:02+00:00\" \/>\n<meta property=\"og:image\" content=\"https:\/\/www.festiwalsztukdawnych.pl\/wp-content\/uploads\/2023\/10\/MFSD23-1080x1080-koncert2-1024x1024.png\" \/>\n<meta name=\"twitter:card\" content=\"summary_large_image\" \/>\n<meta name=\"twitter:label1\" content=\"Estimated reading time\" \/>\n\t<meta name=\"twitter:data1\" content=\"3 minutes\" \/>\n<script type=\"application\/ld+json\" class=\"yoast-schema-graph\">{\"@context\":\"https:\/\/schema.org\",\"@graph\":[{\"@type\":\"WebPage\",\"@id\":\"https:\/\/www.festiwalsztukdawnych.pl\/recital-klawesynowy-z-okazji-700-lecia-wilna\/\",\"url\":\"https:\/\/www.festiwalsztukdawnych.pl\/recital-klawesynowy-z-okazji-700-lecia-wilna\/\",\"name\":\"Mi\u0119dzynarodowy Festiwal Sztuk Dawnych im. Izabeli Branickiej 2023\",\"isPartOf\":{\"@id\":\"https:\/\/www.festiwalsztukdawnych.pl\/#website\"},\"datePublished\":\"2023-07-07T07:34:42+00:00\",\"dateModified\":\"2023-10-21T13:25:02+00:00\",\"breadcrumb\":{\"@id\":\"https:\/\/www.festiwalsztukdawnych.pl\/recital-klawesynowy-z-okazji-700-lecia-wilna\/#breadcrumb\"},\"inLanguage\":\"en-GB\",\"potentialAction\":[{\"@type\":\"ReadAction\",\"target\":[\"https:\/\/www.festiwalsztukdawnych.pl\/recital-klawesynowy-z-okazji-700-lecia-wilna\/\"]}]},{\"@type\":\"BreadcrumbList\",\"@id\":\"https:\/\/www.festiwalsztukdawnych.pl\/recital-klawesynowy-z-okazji-700-lecia-wilna\/#breadcrumb\",\"itemListElement\":[{\"@type\":\"ListItem\",\"position\":1,\"name\":\"Strona g\u0142\u00f3wna\",\"item\":\"https:\/\/www.festiwalsztukdawnych.pl\/\"},{\"@type\":\"ListItem\",\"position\":2,\"name\":\"Muzyka Rzeczypospolitej Obojga Narod\u00f3w &#8211; recital klawesynowy z okazji 700-lecia Wilna &#8211; Chiara e lucente stella\"}]},{\"@type\":\"WebSite\",\"@id\":\"https:\/\/www.festiwalsztukdawnych.pl\/#website\",\"url\":\"https:\/\/www.festiwalsztukdawnych.pl\/\",\"name\":\"Mi\u0119dzynarodowy Festiwal Sztuk Dawnych im. Izabeli Branickiej 2025\",\"description\":\"12 pa\u017adziernika - 23 listopada 2025\",\"publisher\":{\"@id\":\"https:\/\/www.festiwalsztukdawnych.pl\/#organization\"},\"potentialAction\":[{\"@type\":\"SearchAction\",\"target\":{\"@type\":\"EntryPoint\",\"urlTemplate\":\"https:\/\/www.festiwalsztukdawnych.pl\/?s={search_term_string}\"},\"query-input\":\"required name=search_term_string\"}],\"inLanguage\":\"en-GB\"},{\"@type\":\"Organization\",\"@id\":\"https:\/\/www.festiwalsztukdawnych.pl\/#organization\",\"name\":\"Mi\u0119dzynarodowy Festiwal Sztuk Dawnych im. Izabeli Branickiej 2022\",\"url\":\"https:\/\/www.festiwalsztukdawnych.pl\/\",\"sameAs\":[\"https:\/\/www.facebook.com\/festiwalsztukdawnych\"],\"logo\":{\"@type\":\"ImageObject\",\"inLanguage\":\"en-GB\",\"@id\":\"https:\/\/www.festiwalsztukdawnych.pl\/#\/schema\/logo\/image\/\",\"url\":\"https:\/\/www.festiwalsztukdawnych.pl\/wp-content\/uploads\/2022\/10\/MFSD2022-FB-cover.png\",\"contentUrl\":\"https:\/\/www.festiwalsztukdawnych.pl\/wp-content\/uploads\/2022\/10\/MFSD2022-FB-cover.png\",\"width\":820,\"height\":409,\"caption\":\"Mi\u0119dzynarodowy Festiwal Sztuk Dawnych im. Izabeli Branickiej 2022\"},\"image\":{\"@id\":\"https:\/\/www.festiwalsztukdawnych.pl\/#\/schema\/logo\/image\/\"}}]}<\/script>\n<!-- \/ Yoast SEO plugin. -->","yoast_head_json":{"title":"Mi\u0119dzynarodowy Festiwal Sztuk Dawnych im. Izabeli Branickiej 2023","robots":{"index":"index","follow":"follow","max-snippet":"max-snippet:-1","max-image-preview":"max-image-preview:large","max-video-preview":"max-video-preview:-1"},"canonical":"https:\/\/www.festiwalsztukdawnych.pl\/en\/recital-klawesynowy-z-okazji-700-lecia-wilna\/","og_locale":"en_GB","og_type":"article","og_title":"Mi\u0119dzynarodowy Festiwal Sztuk Dawnych im. Izabeli Branickiej 2023","og_description":"8 X 2023 (Niedziela) godz. 17:00 Muzyka Rzeczypospolitej Obojga Narod\u00f3w &#8211; recital klawesynowy z okazji 700-lecia Wilna &#8211; Chiara e lucente stella Ratusz w Bia\u0142ymstoku Transmisja: https:\/\/youtube.com\/watch?v=p76w74sR7IY%3Fsi%3DKLCUfiRbhTepieVU Wykonawcy: ALINA ROTARU \u2013 klawesyn (Litwa) Program (.pdf) Opis wydarzenia: Pierwsza po\u0142owa XVII wieku przynios\u0142a rozkwit kulturowy w Rzeczypospolitej Obojga Narod\u00f3w. Zapraszano znanych muzyk\u00f3w z ca\u0142ej Europy, kt\u00f3rych muzyka wybrzmiewa\u0142a w ko\u015bcio\u0142ach, na [&hellip;]","og_url":"https:\/\/www.festiwalsztukdawnych.pl\/en\/recital-klawesynowy-z-okazji-700-lecia-wilna\/","og_site_name":"Mi\u0119dzynarodowy Festiwal Sztuk Dawnych im. Izabeli Branickiej 2025","article_publisher":"https:\/\/www.facebook.com\/festiwalsztukdawnych","article_modified_time":"2023-10-21T13:25:02+00:00","og_image":[{"url":"https:\/\/www.festiwalsztukdawnych.pl\/wp-content\/uploads\/2023\/10\/MFSD23-1080x1080-koncert2-1024x1024.png"}],"twitter_card":"summary_large_image","twitter_misc":{"Estimated reading time":"3 minutes"},"schema":{"@context":"https:\/\/schema.org","@graph":[{"@type":"WebPage","@id":"https:\/\/www.festiwalsztukdawnych.pl\/recital-klawesynowy-z-okazji-700-lecia-wilna\/","url":"https:\/\/www.festiwalsztukdawnych.pl\/recital-klawesynowy-z-okazji-700-lecia-wilna\/","name":"Mi\u0119dzynarodowy Festiwal Sztuk Dawnych im. Izabeli Branickiej 2023","isPartOf":{"@id":"https:\/\/www.festiwalsztukdawnych.pl\/#website"},"datePublished":"2023-07-07T07:34:42+00:00","dateModified":"2023-10-21T13:25:02+00:00","breadcrumb":{"@id":"https:\/\/www.festiwalsztukdawnych.pl\/recital-klawesynowy-z-okazji-700-lecia-wilna\/#breadcrumb"},"inLanguage":"en-GB","potentialAction":[{"@type":"ReadAction","target":["https:\/\/www.festiwalsztukdawnych.pl\/recital-klawesynowy-z-okazji-700-lecia-wilna\/"]}]},{"@type":"BreadcrumbList","@id":"https:\/\/www.festiwalsztukdawnych.pl\/recital-klawesynowy-z-okazji-700-lecia-wilna\/#breadcrumb","itemListElement":[{"@type":"ListItem","position":1,"name":"Strona g\u0142\u00f3wna","item":"https:\/\/www.festiwalsztukdawnych.pl\/"},{"@type":"ListItem","position":2,"name":"Muzyka Rzeczypospolitej Obojga Narod\u00f3w &#8211; recital klawesynowy z okazji 700-lecia Wilna &#8211; Chiara e lucente stella"}]},{"@type":"WebSite","@id":"https:\/\/www.festiwalsztukdawnych.pl\/#website","url":"https:\/\/www.festiwalsztukdawnych.pl\/","name":"Mi\u0119dzynarodowy Festiwal Sztuk Dawnych im. Izabeli Branickiej 2025","description":"12 pa\u017adziernika - 23 listopada 2025","publisher":{"@id":"https:\/\/www.festiwalsztukdawnych.pl\/#organization"},"potentialAction":[{"@type":"SearchAction","target":{"@type":"EntryPoint","urlTemplate":"https:\/\/www.festiwalsztukdawnych.pl\/?s={search_term_string}"},"query-input":"required name=search_term_string"}],"inLanguage":"en-GB"},{"@type":"Organization","@id":"https:\/\/www.festiwalsztukdawnych.pl\/#organization","name":"Mi\u0119dzynarodowy Festiwal Sztuk Dawnych im. Izabeli Branickiej 2022","url":"https:\/\/www.festiwalsztukdawnych.pl\/","sameAs":["https:\/\/www.facebook.com\/festiwalsztukdawnych"],"logo":{"@type":"ImageObject","inLanguage":"en-GB","@id":"https:\/\/www.festiwalsztukdawnych.pl\/#\/schema\/logo\/image\/","url":"https:\/\/www.festiwalsztukdawnych.pl\/wp-content\/uploads\/2022\/10\/MFSD2022-FB-cover.png","contentUrl":"https:\/\/www.festiwalsztukdawnych.pl\/wp-content\/uploads\/2022\/10\/MFSD2022-FB-cover.png","width":820,"height":409,"caption":"Mi\u0119dzynarodowy Festiwal Sztuk Dawnych im. Izabeli Branickiej 2022"},"image":{"@id":"https:\/\/www.festiwalsztukdawnych.pl\/#\/schema\/logo\/image\/"}}]}},"_links":{"self":[{"href":"https:\/\/www.festiwalsztukdawnych.pl\/en\/wp-json\/wp\/v2\/pages\/4032"}],"collection":[{"href":"https:\/\/www.festiwalsztukdawnych.pl\/en\/wp-json\/wp\/v2\/pages"}],"about":[{"href":"https:\/\/www.festiwalsztukdawnych.pl\/en\/wp-json\/wp\/v2\/types\/page"}],"author":[{"embeddable":true,"href":"https:\/\/www.festiwalsztukdawnych.pl\/en\/wp-json\/wp\/v2\/users\/1"}],"replies":[{"embeddable":true,"href":"https:\/\/www.festiwalsztukdawnych.pl\/en\/wp-json\/wp\/v2\/comments?post=4032"}],"version-history":[{"count":37,"href":"https:\/\/www.festiwalsztukdawnych.pl\/en\/wp-json\/wp\/v2\/pages\/4032\/revisions"}],"predecessor-version":[{"id":5053,"href":"https:\/\/www.festiwalsztukdawnych.pl\/en\/wp-json\/wp\/v2\/pages\/4032\/revisions\/5053"}],"wp:attachment":[{"href":"https:\/\/www.festiwalsztukdawnych.pl\/en\/wp-json\/wp\/v2\/media?parent=4032"}],"curies":[{"name":"wp","href":"https:\/\/api.w.org\/{rel}","templated":true}]}}