{"id":3261,"date":"2022-09-26T22:58:15","date_gmt":"2022-09-26T20:58:15","guid":{"rendered":"https:\/\/www.festiwalsztukdawnych.pl\/?page_id=3261"},"modified":"2022-10-04T20:57:42","modified_gmt":"2022-10-04T18:57:42","slug":"koncert-kameralny-z-dedykacja-dla-krola-slonce","status":"publish","type":"page","link":"https:\/\/www.festiwalsztukdawnych.pl\/en\/koncert-kameralny-z-dedykacja-dla-krola-slonce\/","title":{"rendered":"Koncert kameralny &#8211; \u201eZ dedykacj\u0105 dla Kr\u00f3la S\u0142o\u0144ce\u201d"},"content":{"rendered":"<div data-elementor-type=\"wp-page\" data-elementor-id=\"3261\" class=\"elementor elementor-3261\">\n\t\t\t\t\t\t<div class=\"elementor-inner\">\n\t\t\t\t<div class=\"elementor-section-wrap\">\n\t\t\t\t\t\t\t\t\t<section class=\"elementor-section elementor-top-section elementor-element elementor-element-e803aab elementor-section-boxed elementor-section-height-default elementor-section-height-default\" data-id=\"e803aab\" data-element_type=\"section\">\n\t\t\t\t\t\t<div class=\"elementor-container elementor-column-gap-default\">\n\t\t\t\t\t\t\t<div class=\"elementor-row\">\n\t\t\t\t\t<div class=\"elementor-column elementor-col-50 elementor-top-column elementor-element elementor-element-123b2c3\" data-id=\"123b2c3\" data-element_type=\"column\">\n\t\t\t<div class=\"elementor-column-wrap elementor-element-populated\">\n\t\t\t\t\t\t\t<div class=\"elementor-widget-wrap\">\n\t\t\t\t\t\t<div class=\"elementor-element elementor-element-1ef23bc elementor-widget elementor-widget-image\" data-id=\"1ef23bc\" data-element_type=\"widget\" data-widget_type=\"image.default\">\n\t\t\t\t<div class=\"elementor-widget-container\">\n\t\t\t\t\t\t\t\t<div class=\"elementor-image\">\n\t\t\t\t\t\t\t\t\t\t\t\t\t<a href=\"https:\/\/www.festiwalsztukdawnych.pl\/wp-content\/uploads\/2022\/10\/MFSD2022-EN-banery-koncert2.png\" data-elementor-open-lightbox=\"yes\" data-elementor-lightbox-title=\"MFSD2022-PL-banery-koncert2\" e-action-hash=\"#elementor-action%3Aaction%3Dlightbox%26settings%3DeyJpZCI6MzIwNCwidXJsIjoiaHR0cHM6XC9cL3d3dy5mZXN0aXdhbHN6dHVrZGF3bnljaC5wbFwvd3AtY29udGVudFwvdXBsb2Fkc1wvMjAyMFwvMTBcL01GU0QyMDIyLVBMLWJhbmVyeS1rb25jZXJ0Mi5wbmcifQ%3D%3D\" data-rel=\"lightbox-image-0\" data-rl_title=\"\" data-rl_caption=\"\" title=\"\">\n\t\t\t\t\t\t\t<img width=\"720\" height=\"720\" src=\"https:\/\/www.festiwalsztukdawnych.pl\/wp-content\/uploads\/2022\/10\/MFSD2022-EN-banery-koncert2.png\" class=\"attachment-large size-large\" alt=\"\" loading=\"lazy\" srcset=\"https:\/\/www.festiwalsztukdawnych.pl\/wp-content\/uploads\/2022\/10\/MFSD2022-EN-banery-koncert2.png 1080w, https:\/\/www.festiwalsztukdawnych.pl\/wp-content\/uploads\/2022\/10\/MFSD2022-EN-banery-koncert2-300x300.png 300w, https:\/\/www.festiwalsztukdawnych.pl\/wp-content\/uploads\/2022\/10\/MFSD2022-EN-banery-koncert2-1024x1024.png 1024w, https:\/\/www.festiwalsztukdawnych.pl\/wp-content\/uploads\/2022\/10\/MFSD2022-EN-banery-koncert2-150x150.png 150w, https:\/\/www.festiwalsztukdawnych.pl\/wp-content\/uploads\/2022\/10\/MFSD2022-EN-banery-koncert2-768x768.png 768w, https:\/\/www.festiwalsztukdawnych.pl\/wp-content\/uploads\/2022\/10\/MFSD2022-EN-banery-koncert2-12x12.png 12w\" sizes=\"(max-width: 720px) 100vw, 720px\" \/>\t\t\t\t\t\t\t\t<\/a>\n\t\t\t\t\t\t\t\t\t\t\t\t\t\t<\/div>\n\t\t\t\t\t\t<\/div>\n\t\t\t\t<\/div>\n\t\t\t\t\t\t<\/div>\n\t\t\t\t\t<\/div>\n\t\t<\/div>\n\t\t\t\t<div class=\"elementor-column elementor-col-50 elementor-top-column elementor-element elementor-element-2fedec4\" data-id=\"2fedec4\" data-element_type=\"column\">\n\t\t\t<div class=\"elementor-column-wrap elementor-element-populated\">\n\t\t\t\t\t\t\t<div class=\"elementor-widget-wrap\">\n\t\t\t\t\t\t<section class=\"elementor-section elementor-inner-section elementor-element elementor-element-f999e9f elementor-section-boxed elementor-section-height-default elementor-section-height-default\" data-id=\"f999e9f\" data-element_type=\"section\">\n\t\t\t\t\t\t<div class=\"elementor-container elementor-column-gap-default\">\n\t\t\t\t\t\t\t<div class=\"elementor-row\">\n\t\t\t\t\t<div class=\"elementor-column elementor-col-100 elementor-inner-column elementor-element elementor-element-4f022a1\" data-id=\"4f022a1\" data-element_type=\"column\">\n\t\t\t<div class=\"elementor-column-wrap elementor-element-populated\">\n\t\t\t\t\t\t\t<div class=\"elementor-widget-wrap\">\n\t\t\t\t\t\t<div class=\"elementor-element elementor-element-8aa5a2c elementor-widget elementor-widget-heading\" data-id=\"8aa5a2c\" data-element_type=\"widget\" data-widget_type=\"heading.default\">\n\t\t\t\t<div class=\"elementor-widget-container\">\n\t\t\t<h3 class=\"elementor-heading-title elementor-size-default\">9 October 2022 (Sunday), 07:00 pm<\/h3>\t\t<\/div>\n\t\t\t\t<\/div>\n\t\t\t\t<div class=\"elementor-element elementor-element-b07ff64 elementor-widget elementor-widget-heading\" data-id=\"b07ff64\" data-element_type=\"widget\" data-widget_type=\"heading.default\">\n\t\t\t\t<div class=\"elementor-widget-container\">\n\t\t\t<h1 class=\"elementor-heading-title elementor-size-default\">With a dedication to the Sun King<\/h1>\t\t<\/div>\n\t\t\t\t<\/div>\n\t\t\t\t<div class=\"elementor-element elementor-element-97c1c16 elementor-widget elementor-widget-heading\" data-id=\"97c1c16\" data-element_type=\"widget\" data-widget_type=\"heading.default\">\n\t\t\t\t<div class=\"elementor-widget-container\">\n\t\t\t<h3 class=\"elementor-heading-title elementor-size-default\">Museum of Podlasie City Hall in Bia\u0142ystok<\/h3>\t\t<\/div>\n\t\t\t\t<\/div>\n\t\t\t\t\t\t<\/div>\n\t\t\t\t\t<\/div>\n\t\t<\/div>\n\t\t\t\t\t\t\t\t<\/div>\n\t\t\t\t\t<\/div>\n\t\t<\/section>\n\t\t\t\t\t\t<\/div>\n\t\t\t\t\t<\/div>\n\t\t<\/div>\n\t\t\t\t\t\t\t\t<\/div>\n\t\t\t\t\t<\/div>\n\t\t<\/section>\n\t\t\t\t<section class=\"elementor-section elementor-top-section elementor-element elementor-element-74c8206 elementor-section-boxed elementor-section-height-default elementor-section-height-default\" data-id=\"74c8206\" data-element_type=\"section\">\n\t\t\t\t\t\t<div class=\"elementor-container elementor-column-gap-default\">\n\t\t\t\t\t\t\t<div class=\"elementor-row\">\n\t\t\t\t\t<div class=\"elementor-column elementor-col-100 elementor-top-column elementor-element elementor-element-c8e71c7\" data-id=\"c8e71c7\" data-element_type=\"column\">\n\t\t\t<div class=\"elementor-column-wrap elementor-element-populated\">\n\t\t\t\t\t\t\t<div class=\"elementor-widget-wrap\">\n\t\t\t\t\t\t<div class=\"elementor-element elementor-element-a2fb786 elementor-widget elementor-widget-heading\" data-id=\"a2fb786\" data-element_type=\"widget\" data-widget_type=\"heading.default\">\n\t\t\t\t<div class=\"elementor-widget-container\">\n\t\t\t<h2 class=\"elementor-heading-title elementor-size-default\">Watch on-line:<\/h2>\t\t<\/div>\n\t\t\t\t<\/div>\n\t\t\t\t<div class=\"elementor-element elementor-element-9b22edb elementor-aspect-ratio-169 elementor-widget elementor-widget-video\" data-id=\"9b22edb\" data-element_type=\"widget\" data-settings=\"{&quot;youtube_url&quot;:&quot;https:\\\/\\\/www.youtube.com\\\/watch?v=9d_NSXVD-IY&quot;,&quot;autoplay&quot;:&quot;yes&quot;,&quot;mute&quot;:&quot;yes&quot;,&quot;video_type&quot;:&quot;youtube&quot;,&quot;controls&quot;:&quot;yes&quot;,&quot;aspect_ratio&quot;:&quot;169&quot;}\" data-widget_type=\"video.default\">\n\t\t\t\t<div class=\"elementor-widget-container\">\n\t\t\t\t\t<div class=\"elementor-wrapper elementor-fit-aspect-ratio elementor-open-inline\">\n\t\t\t<div class=\"elementor-video\"><\/div>\t\t<\/div>\n\t\t\t\t<\/div>\n\t\t\t\t<\/div>\n\t\t\t\t\t\t<\/div>\n\t\t\t\t\t<\/div>\n\t\t<\/div>\n\t\t\t\t\t\t\t\t<\/div>\n\t\t\t\t\t<\/div>\n\t\t<\/section>\n\t\t\t\t<section class=\"elementor-section elementor-top-section elementor-element elementor-element-320f34f elementor-section-boxed elementor-section-height-default elementor-section-height-default\" data-id=\"320f34f\" data-element_type=\"section\">\n\t\t\t\t\t\t<div class=\"elementor-container elementor-column-gap-default\">\n\t\t\t\t\t\t\t<div class=\"elementor-row\">\n\t\t\t\t\t<div class=\"elementor-column elementor-col-100 elementor-top-column elementor-element elementor-element-cf01cb3\" data-id=\"cf01cb3\" data-element_type=\"column\">\n\t\t\t<div class=\"elementor-column-wrap elementor-element-populated\">\n\t\t\t\t\t\t\t<div class=\"elementor-widget-wrap\">\n\t\t\t\t\t\t<section class=\"elementor-section elementor-inner-section elementor-element elementor-element-026eb13 elementor-section-boxed elementor-section-height-default elementor-section-height-default\" data-id=\"026eb13\" data-element_type=\"section\">\n\t\t\t\t\t\t<div class=\"elementor-container elementor-column-gap-default\">\n\t\t\t\t\t\t\t<div class=\"elementor-row\">\n\t\t\t\t\t<div class=\"elementor-column elementor-col-50 elementor-inner-column elementor-element elementor-element-cd6ea11\" data-id=\"cd6ea11\" data-element_type=\"column\">\n\t\t\t<div class=\"elementor-column-wrap elementor-element-populated\">\n\t\t\t\t\t\t\t<div class=\"elementor-widget-wrap\">\n\t\t\t\t\t\t<div class=\"elementor-element elementor-element-d330743 elementor-widget elementor-widget-heading\" data-id=\"d330743\" data-element_type=\"widget\" data-widget_type=\"heading.default\">\n\t\t\t\t<div class=\"elementor-widget-container\">\n\t\t\t<h2 class=\"elementor-heading-title elementor-size-default\">Performers:<\/h2>\t\t<\/div>\n\t\t\t\t<\/div>\n\t\t\t\t<div class=\"elementor-element elementor-element-a9c288d elementor-widget elementor-widget-text-editor\" data-id=\"a9c288d\" data-element_type=\"widget\" data-widget_type=\"text-editor.default\">\n\t\t\t\t<div class=\"elementor-widget-container\">\n\t\t\t\t\t\t\t\t<div class=\"elementor-text-editor elementor-clearfix\">\n\t\t\t\t<p>{oh!} trio <br \/><br><\/p><ul><li>Martyna Pastuszka - violin,<\/li><li>Krzysztof Firlus - viola da gamba,<\/li><li>Anna Firlus \u2013 harpsichord<\/li><\/ul>\t\t\t\t\t<\/div>\n\t\t\t\t\t\t<\/div>\n\t\t\t\t<\/div>\n\t\t\t\t\t\t<\/div>\n\t\t\t\t\t<\/div>\n\t\t<\/div>\n\t\t\t\t<div class=\"elementor-column elementor-col-50 elementor-inner-column elementor-element elementor-element-58500e0\" data-id=\"58500e0\" data-element_type=\"column\">\n\t\t\t<div class=\"elementor-column-wrap elementor-element-populated\">\n\t\t\t\t\t\t\t<div class=\"elementor-widget-wrap\">\n\t\t\t\t\t\t<div class=\"elementor-element elementor-element-29b753c elementor-view-default elementor-widget elementor-widget-icon\" data-id=\"29b753c\" data-element_type=\"widget\" data-widget_type=\"icon.default\">\n\t\t\t\t<div class=\"elementor-widget-container\">\n\t\t\t\t\t<div class=\"elementor-icon-wrapper\">\n\t\t\t<a class=\"elementor-icon elementor-animation-shrink\" href=\"https:\/\/www.festiwalsztukdawnych.pl\/wp-content\/uploads\/2022\/10\/MFSD2022-KATALOG-1009-EN.pdf\" target=\"_blank\">\n\t\t\t<i aria-hidden=\"true\" class=\"fas fa-file-pdf\"><\/i>\t\t\t<\/a>\n\t\t<\/div>\n\t\t\t\t<\/div>\n\t\t\t\t<\/div>\n\t\t\t\t<div class=\"elementor-element elementor-element-68c091b elementor-widget elementor-widget-heading\" data-id=\"68c091b\" data-element_type=\"widget\" data-widget_type=\"heading.default\">\n\t\t\t\t<div class=\"elementor-widget-container\">\n\t\t\t<h2 class=\"elementor-heading-title elementor-size-default\"><a href=\"https:\/\/www.festiwalsztukdawnych.pl\/wp-content\/uploads\/2022\/10\/MFSD2022-KATALOG-1009-EN.pdf\" target=\"_blank\">Schedule (.pdf)<\/a><\/h2>\t\t<\/div>\n\t\t\t\t<\/div>\n\t\t\t\t\t\t<\/div>\n\t\t\t\t\t<\/div>\n\t\t<\/div>\n\t\t\t\t\t\t\t\t<\/div>\n\t\t\t\t\t<\/div>\n\t\t<\/section>\n\t\t\t\t<div class=\"elementor-element elementor-element-de64499 elementor-widget elementor-widget-heading\" data-id=\"de64499\" data-element_type=\"widget\" data-widget_type=\"heading.default\">\n\t\t\t\t<div class=\"elementor-widget-container\">\n\t\t\t<h2 class=\"elementor-heading-title elementor-size-default\">Event description:<\/h2>\t\t<\/div>\n\t\t\t\t<\/div>\n\t\t\t\t<div class=\"elementor-element elementor-element-bd7fade elementor-widget elementor-widget-text-editor\" data-id=\"bd7fade\" data-element_type=\"widget\" data-widget_type=\"text-editor.default\">\n\t\t\t\t<div class=\"elementor-widget-container\">\n\t\t\t\t\t\t\t\t<div class=\"elementor-text-editor elementor-clearfix\">\n\t\t\t\t<p>The concert programme will include recently discovered compositions by Louis-Joseph Marchand - valued by Louis XIV and associated with the royal orchestra. It will also be a concert heralding a three-disc album with the complete Suite de pi\u00e8ces by Louis-Joseph Marchand, which will be released at the beginning of next year by the French publishing house Apart\u00e9, being a world premiere of these musical works.<\/p><p>The {oh!} trio are the musicians associated with the {oh!} Historical Orchestra, who also successfully pursue solo careers. Three outstanding chamber musicians, and academic lecturers, specialising in the stylish performance of the music of the old ages, have been playing as a trio for 4 years. The visible result of this cooperation is the album entitled Portraits, which was released on the market at the beginning of October (DUX), at the beginning of the next year, a three-disc album with music by LJ Marchand (Aparte label in Paris) will be released.<\/p>\t\t\t\t\t<\/div>\n\t\t\t\t\t\t<\/div>\n\t\t\t\t<\/div>\n\t\t\t\t\t\t<\/div>\n\t\t\t\t\t<\/div>\n\t\t<\/div>\n\t\t\t\t\t\t\t\t<\/div>\n\t\t\t\t\t<\/div>\n\t\t<\/section>\n\t\t\t\t\t\t\t\t\t<\/div>\n\t\t\t<\/div>\n\t\t\t\t\t<\/div>","protected":false},"excerpt":{"rendered":"<p>9 X 2022 (Niedziela) godz. 19:00 Koncert kameralny &#8211; \u201eZ dedykacj\u0105 dla Kr\u00f3la S\u0142o\u0144ce\u201d Muzeum Podlaskie Ratusz w Bia\u0142ymstoku Transmisja: Wykonawcy: {oh!} trio w sk\u0142adzie: Martyna Pastuszka \u2013 skrzypce, Krzysztof Firlus \u2013 viola da gamba, Anna Firlus \u2013 klawesyn Program (.pdf) Opis wydarzenia: W programie koncertu znajd\u0105 si\u0119 niedawno odkryte kompozycje Louis-Joseph Marchanda \u2013 cenionego przez Ludwika XIV i zwi\u0105zanego [&hellip;]<\/p>","protected":false},"author":1,"featured_media":0,"parent":0,"menu_order":0,"comment_status":"closed","ping_status":"closed","template":"","meta":[],"yoast_head":"<!-- This site is optimized with the Yoast SEO plugin v19.7.2 - https:\/\/yoast.com\/wordpress\/plugins\/seo\/ -->\n<title>Mi\u0119dzynarodowy Festiwal Sztuk Dawnych im. Izabeli Branickiej 2022<\/title>\n<meta name=\"robots\" content=\"index, follow, max-snippet:-1, max-image-preview:large, max-video-preview:-1\" \/>\n<link rel=\"canonical\" href=\"https:\/\/www.festiwalsztukdawnych.pl\/en\/koncert-kameralny-z-dedykacja-dla-krola-slonce\/\" \/>\n<meta property=\"og:locale\" content=\"en_GB\" \/>\n<meta property=\"og:type\" content=\"article\" \/>\n<meta property=\"og:title\" content=\"Mi\u0119dzynarodowy Festiwal Sztuk Dawnych im. Izabeli Branickiej 2022\" \/>\n<meta property=\"og:description\" content=\"9 X 2022 (Niedziela) godz. 19:00 Koncert kameralny &#8211; \u201eZ dedykacj\u0105 dla Kr\u00f3la S\u0142o\u0144ce\u201d Muzeum Podlaskie Ratusz w Bia\u0142ymstoku Transmisja: Wykonawcy: {oh!} trio w sk\u0142adzie: Martyna Pastuszka \u2013 skrzypce, Krzysztof Firlus \u2013 viola da gamba, Anna Firlus \u2013 klawesyn Program (.pdf) Opis wydarzenia: W programie koncertu znajd\u0105 si\u0119 niedawno odkryte kompozycje Louis-Joseph Marchanda \u2013 cenionego przez Ludwika XIV i zwi\u0105zanego [&hellip;]\" \/>\n<meta property=\"og:url\" content=\"https:\/\/www.festiwalsztukdawnych.pl\/en\/koncert-kameralny-z-dedykacja-dla-krola-slonce\/\" \/>\n<meta property=\"og:site_name\" content=\"Mi\u0119dzynarodowy Festiwal Sztuk Dawnych im. Izabeli Branickiej 2025\" \/>\n<meta property=\"article:publisher\" content=\"https:\/\/www.facebook.com\/festiwalsztukdawnych\" \/>\n<meta property=\"article:modified_time\" content=\"2022-10-04T18:57:42+00:00\" \/>\n<meta property=\"og:image\" content=\"https:\/\/www.festiwalsztukdawnych.pl\/wp-content\/uploads\/2020\/10\/MFSD2022-PL-banery-koncert2-1024x1024.png\" \/>\n<meta name=\"twitter:card\" content=\"summary_large_image\" \/>\n<meta name=\"twitter:label1\" content=\"Estimated reading time\" \/>\n\t<meta name=\"twitter:data1\" content=\"1 minute\" \/>\n<script type=\"application\/ld+json\" class=\"yoast-schema-graph\">{\"@context\":\"https:\/\/schema.org\",\"@graph\":[{\"@type\":\"WebPage\",\"@id\":\"https:\/\/www.festiwalsztukdawnych.pl\/koncert-kameralny-z-dedykacja-dla-krola-slonce\/\",\"url\":\"https:\/\/www.festiwalsztukdawnych.pl\/koncert-kameralny-z-dedykacja-dla-krola-slonce\/\",\"name\":\"Mi\u0119dzynarodowy Festiwal Sztuk Dawnych im. Izabeli Branickiej 2022\",\"isPartOf\":{\"@id\":\"https:\/\/www.festiwalsztukdawnych.pl\/#website\"},\"datePublished\":\"2022-09-26T20:58:15+00:00\",\"dateModified\":\"2022-10-04T18:57:42+00:00\",\"breadcrumb\":{\"@id\":\"https:\/\/www.festiwalsztukdawnych.pl\/koncert-kameralny-z-dedykacja-dla-krola-slonce\/#breadcrumb\"},\"inLanguage\":\"en-GB\",\"potentialAction\":[{\"@type\":\"ReadAction\",\"target\":[\"https:\/\/www.festiwalsztukdawnych.pl\/koncert-kameralny-z-dedykacja-dla-krola-slonce\/\"]}]},{\"@type\":\"BreadcrumbList\",\"@id\":\"https:\/\/www.festiwalsztukdawnych.pl\/koncert-kameralny-z-dedykacja-dla-krola-slonce\/#breadcrumb\",\"itemListElement\":[{\"@type\":\"ListItem\",\"position\":1,\"name\":\"Strona g\u0142\u00f3wna\",\"item\":\"https:\/\/www.festiwalsztukdawnych.pl\/\"},{\"@type\":\"ListItem\",\"position\":2,\"name\":\"Koncert kameralny &#8211; \u201eZ dedykacj\u0105 dla Kr\u00f3la S\u0142o\u0144ce\u201d\"}]},{\"@type\":\"WebSite\",\"@id\":\"https:\/\/www.festiwalsztukdawnych.pl\/#website\",\"url\":\"https:\/\/www.festiwalsztukdawnych.pl\/\",\"name\":\"Mi\u0119dzynarodowy Festiwal Sztuk Dawnych im. Izabeli Branickiej 2025\",\"description\":\"12 pa\u017adziernika - 23 listopada 2025\",\"publisher\":{\"@id\":\"https:\/\/www.festiwalsztukdawnych.pl\/#organization\"},\"potentialAction\":[{\"@type\":\"SearchAction\",\"target\":{\"@type\":\"EntryPoint\",\"urlTemplate\":\"https:\/\/www.festiwalsztukdawnych.pl\/?s={search_term_string}\"},\"query-input\":\"required name=search_term_string\"}],\"inLanguage\":\"en-GB\"},{\"@type\":\"Organization\",\"@id\":\"https:\/\/www.festiwalsztukdawnych.pl\/#organization\",\"name\":\"Mi\u0119dzynarodowy Festiwal Sztuk Dawnych im. Izabeli Branickiej 2022\",\"url\":\"https:\/\/www.festiwalsztukdawnych.pl\/\",\"sameAs\":[\"https:\/\/www.facebook.com\/festiwalsztukdawnych\"],\"logo\":{\"@type\":\"ImageObject\",\"inLanguage\":\"en-GB\",\"@id\":\"https:\/\/www.festiwalsztukdawnych.pl\/#\/schema\/logo\/image\/\",\"url\":\"https:\/\/www.festiwalsztukdawnych.pl\/wp-content\/uploads\/2022\/10\/MFSD2022-FB-cover.png\",\"contentUrl\":\"https:\/\/www.festiwalsztukdawnych.pl\/wp-content\/uploads\/2022\/10\/MFSD2022-FB-cover.png\",\"width\":820,\"height\":409,\"caption\":\"Mi\u0119dzynarodowy Festiwal Sztuk Dawnych im. Izabeli Branickiej 2022\"},\"image\":{\"@id\":\"https:\/\/www.festiwalsztukdawnych.pl\/#\/schema\/logo\/image\/\"}}]}<\/script>\n<!-- \/ Yoast SEO plugin. -->","yoast_head_json":{"title":"Mi\u0119dzynarodowy Festiwal Sztuk Dawnych im. Izabeli Branickiej 2022","robots":{"index":"index","follow":"follow","max-snippet":"max-snippet:-1","max-image-preview":"max-image-preview:large","max-video-preview":"max-video-preview:-1"},"canonical":"https:\/\/www.festiwalsztukdawnych.pl\/en\/koncert-kameralny-z-dedykacja-dla-krola-slonce\/","og_locale":"en_GB","og_type":"article","og_title":"Mi\u0119dzynarodowy Festiwal Sztuk Dawnych im. Izabeli Branickiej 2022","og_description":"9 X 2022 (Niedziela) godz. 19:00 Koncert kameralny &#8211; \u201eZ dedykacj\u0105 dla Kr\u00f3la S\u0142o\u0144ce\u201d Muzeum Podlaskie Ratusz w Bia\u0142ymstoku Transmisja: Wykonawcy: {oh!} trio w sk\u0142adzie: Martyna Pastuszka \u2013 skrzypce, Krzysztof Firlus \u2013 viola da gamba, Anna Firlus \u2013 klawesyn Program (.pdf) Opis wydarzenia: W programie koncertu znajd\u0105 si\u0119 niedawno odkryte kompozycje Louis-Joseph Marchanda \u2013 cenionego przez Ludwika XIV i zwi\u0105zanego [&hellip;]","og_url":"https:\/\/www.festiwalsztukdawnych.pl\/en\/koncert-kameralny-z-dedykacja-dla-krola-slonce\/","og_site_name":"Mi\u0119dzynarodowy Festiwal Sztuk Dawnych im. Izabeli Branickiej 2025","article_publisher":"https:\/\/www.facebook.com\/festiwalsztukdawnych","article_modified_time":"2022-10-04T18:57:42+00:00","og_image":[{"url":"https:\/\/www.festiwalsztukdawnych.pl\/wp-content\/uploads\/2020\/10\/MFSD2022-PL-banery-koncert2-1024x1024.png"}],"twitter_card":"summary_large_image","twitter_misc":{"Estimated reading time":"1 minute"},"schema":{"@context":"https:\/\/schema.org","@graph":[{"@type":"WebPage","@id":"https:\/\/www.festiwalsztukdawnych.pl\/koncert-kameralny-z-dedykacja-dla-krola-slonce\/","url":"https:\/\/www.festiwalsztukdawnych.pl\/koncert-kameralny-z-dedykacja-dla-krola-slonce\/","name":"Mi\u0119dzynarodowy Festiwal Sztuk Dawnych im. Izabeli Branickiej 2022","isPartOf":{"@id":"https:\/\/www.festiwalsztukdawnych.pl\/#website"},"datePublished":"2022-09-26T20:58:15+00:00","dateModified":"2022-10-04T18:57:42+00:00","breadcrumb":{"@id":"https:\/\/www.festiwalsztukdawnych.pl\/koncert-kameralny-z-dedykacja-dla-krola-slonce\/#breadcrumb"},"inLanguage":"en-GB","potentialAction":[{"@type":"ReadAction","target":["https:\/\/www.festiwalsztukdawnych.pl\/koncert-kameralny-z-dedykacja-dla-krola-slonce\/"]}]},{"@type":"BreadcrumbList","@id":"https:\/\/www.festiwalsztukdawnych.pl\/koncert-kameralny-z-dedykacja-dla-krola-slonce\/#breadcrumb","itemListElement":[{"@type":"ListItem","position":1,"name":"Strona g\u0142\u00f3wna","item":"https:\/\/www.festiwalsztukdawnych.pl\/"},{"@type":"ListItem","position":2,"name":"Koncert kameralny &#8211; \u201eZ dedykacj\u0105 dla Kr\u00f3la S\u0142o\u0144ce\u201d"}]},{"@type":"WebSite","@id":"https:\/\/www.festiwalsztukdawnych.pl\/#website","url":"https:\/\/www.festiwalsztukdawnych.pl\/","name":"Mi\u0119dzynarodowy Festiwal Sztuk Dawnych im. Izabeli Branickiej 2025","description":"12 pa\u017adziernika - 23 listopada 2025","publisher":{"@id":"https:\/\/www.festiwalsztukdawnych.pl\/#organization"},"potentialAction":[{"@type":"SearchAction","target":{"@type":"EntryPoint","urlTemplate":"https:\/\/www.festiwalsztukdawnych.pl\/?s={search_term_string}"},"query-input":"required name=search_term_string"}],"inLanguage":"en-GB"},{"@type":"Organization","@id":"https:\/\/www.festiwalsztukdawnych.pl\/#organization","name":"Mi\u0119dzynarodowy Festiwal Sztuk Dawnych im. Izabeli Branickiej 2022","url":"https:\/\/www.festiwalsztukdawnych.pl\/","sameAs":["https:\/\/www.facebook.com\/festiwalsztukdawnych"],"logo":{"@type":"ImageObject","inLanguage":"en-GB","@id":"https:\/\/www.festiwalsztukdawnych.pl\/#\/schema\/logo\/image\/","url":"https:\/\/www.festiwalsztukdawnych.pl\/wp-content\/uploads\/2022\/10\/MFSD2022-FB-cover.png","contentUrl":"https:\/\/www.festiwalsztukdawnych.pl\/wp-content\/uploads\/2022\/10\/MFSD2022-FB-cover.png","width":820,"height":409,"caption":"Mi\u0119dzynarodowy Festiwal Sztuk Dawnych im. Izabeli Branickiej 2022"},"image":{"@id":"https:\/\/www.festiwalsztukdawnych.pl\/#\/schema\/logo\/image\/"}}]}},"_links":{"self":[{"href":"https:\/\/www.festiwalsztukdawnych.pl\/en\/wp-json\/wp\/v2\/pages\/3261"}],"collection":[{"href":"https:\/\/www.festiwalsztukdawnych.pl\/en\/wp-json\/wp\/v2\/pages"}],"about":[{"href":"https:\/\/www.festiwalsztukdawnych.pl\/en\/wp-json\/wp\/v2\/types\/page"}],"author":[{"embeddable":true,"href":"https:\/\/www.festiwalsztukdawnych.pl\/en\/wp-json\/wp\/v2\/users\/1"}],"replies":[{"embeddable":true,"href":"https:\/\/www.festiwalsztukdawnych.pl\/en\/wp-json\/wp\/v2\/comments?post=3261"}],"version-history":[{"count":20,"href":"https:\/\/www.festiwalsztukdawnych.pl\/en\/wp-json\/wp\/v2\/pages\/3261\/revisions"}],"predecessor-version":[{"id":3949,"href":"https:\/\/www.festiwalsztukdawnych.pl\/en\/wp-json\/wp\/v2\/pages\/3261\/revisions\/3949"}],"wp:attachment":[{"href":"https:\/\/www.festiwalsztukdawnych.pl\/en\/wp-json\/wp\/v2\/media?parent=3261"}],"curies":[{"name":"wp","href":"https:\/\/api.w.org\/{rel}","templated":true}]}}